{"id":910,"date":"2024-03-29T20:34:24","date_gmt":"2024-03-29T23:34:24","guid":{"rendered":"https:\/\/chabeneficio.com\/?page_id=910"},"modified":"2024-04-04T06:44:58","modified_gmt":"2024-04-04T09:44:58","slug":"sobre-nos","status":"publish","type":"page","link":"https:\/\/chabeneficio.com\/es\/sobre-nos\/","title":{"rendered":"Sobre nosotros"},"content":{"rendered":"<p>Bienvenido a nuestro sitio web dedicado a brindar informaci\u00f3n detallada sobre tarjetas de cr\u00e9dito, sus beneficios y consejos \u00fatiles para su aplicaci\u00f3n. Nuestro sitio web fue creado en 2024 con el objetivo de ayudar a los consumidores a comprender mejor el mundo de las tarjetas de cr\u00e9dito, explorar los beneficios que ofrecen los diferentes proveedores y descubrir aplicaciones innovadoras para administrar sus finanzas de manera m\u00e1s eficiente.<\/p><div class=\"banner banner--content banner--content--full\"><script async src=\"https:\/\/pagead2.googlesyndication.com\/pagead\/js\/adsbygoogle.js?client=ca-pub-8541928713205557\"\n     crossorigin=\"anonymous\"><\/script>\n<!-- ad-top-p -->\n<ins class=\"adsbygoogle\"\n     style=\"display:block\"\n     data-ad-client=\"ca-pub-8541928713205557\"\n     data-ad-slot=\"3264867050\"\n     data-ad-format=\"auto\"\n     data-full-width-responsive=\"true\"><\/ins>\n<script>\n     (adsbygoogle = window.adsbygoogle || []).push({});\n<\/script><\/div>\n<div id=\"ez-toc-container\" class=\"ez-toc-v2_0_69_1 counter-hierarchy ez-toc-counter ez-toc-grey ez-toc-container-direction\">\n<div class=\"ez-toc-title-container\">\n<p class=\"ez-toc-title\" >Conte&uacute;do:<\/p>\n<span class=\"ez-toc-title-toggle\"><a href=\"#\" class=\"ez-toc-pull-right ez-toc-btn ez-toc-btn-xs ez-toc-btn-default ez-toc-toggle\" aria-label=\"Alternar tabla de contenido\"><span class=\"ez-toc-js-icon-con\"><span class=\"\"><span class=\"eztoc-hide\" style=\"display:none;\">Palanca<\/span><span class=\"ez-toc-icon-toggle-span\"><svg style=\"fill: #999;color:#999\" xmlns=\"http:\/\/www.w3.org\/2000\/svg\" class=\"list-377408\" width=\"20px\" height=\"20px\" viewbox=\"0 0 24 24\" fill=\"none\"><path d=\"M6 6H4v2h2V6zm14 0H8v2h12V6zM4 11h2v2H4v-2zm16 0H8v2h12v-2zM4 16h2v2H4v-2zm16 0H8v2h12v-2z\" fill=\"currentColor\"><\/path><\/svg><svg style=\"fill: #999;color:#999\" class=\"arrow-unsorted-368013\" xmlns=\"http:\/\/www.w3.org\/2000\/svg\" width=\"10px\" height=\"10px\" viewbox=\"0 0 24 24\" version=\"1.2\" baseprofile=\"tiny\"><path d=\"M18.2 9.3l-6.2-6.3-6.2 6.3c-.2.2-.3.4-.3.7s.1.5.3.7c.2.2.4.3.7.3h11c.3 0 .5-.1.7-.3.2-.2.3-.5.3-.7s-.1-.5-.3-.7zM5.8 14.7l6.2 6.3 6.2-6.3c.2-.2.3-.5.3-.7s-.1-.5-.3-.7c-.2-.2-.4-.3-.7-.3h-11c-.3 0-.5.1-.7.3-.2.2-.3.5-.3.7s.1.5.3.7z\"\/><\/svg><\/span><\/span><\/span><\/a><\/span><\/div>\n<nav><ul class='ez-toc-list ez-toc-list-level-1' ><li class='ez-toc-page-1 ez-toc-heading-level-2'><a class=\"ez-toc-link ez-toc-heading-1\" href=\"https:\/\/chabeneficio.com\/es\/sobre-nos\/#Nosso_Compromisso_com_a_Privacidade\" title=\"Nuestro compromiso con la privacidad\">Nuestro compromiso con la privacidad<\/a><\/li><li class='ez-toc-page-1 ez-toc-heading-level-2'><a class=\"ez-toc-link ez-toc-heading-2\" href=\"https:\/\/chabeneficio.com\/es\/sobre-nos\/#O_Que_Oferecemos\" title=\"Lo que ofrecemos\">Lo que ofrecemos<\/a><\/li><\/ul><\/nav><\/div>\n<h2><span class=\"ez-toc-section\" id=\"Nosso_Compromisso_com_a_Privacidade\"><\/span>Nuestro compromiso con la privacidad<span class=\"ez-toc-section-end\"><\/span><\/h2>\n<p>Respetamos y valoramos la privacidad de nuestros usuarios. Seguimos estrictamente las directrices y normativas de la LGPD (Ley General de Protecci\u00f3n de Datos), asegurando la protecci\u00f3n de los datos personales de nuestros visitantes.<\/p>\n<h2><span class=\"ez-toc-section\" id=\"O_Que_Oferecemos\"><\/span>Lo que ofrecemos<span class=\"ez-toc-section-end\"><\/span><\/h2>\n<p>Revisiones imparciales y profundas de diferentes tipos de tarjetas de cr\u00e9dito, incluidos beneficios, tasas y t\u00e9rminos.<br \/>\nDestacamos los principales beneficios que ofrecen los diferentes proveedores de tarjetas, ayudando a los usuarios a elegir la mejor para sus necesidades.<\/p>\n<p>Consejos y estrategias para maximizar los beneficios de las tarjetas de cr\u00e9dito y mantener una s\u00f3lida salud financiera.<br \/>\nRese\u00f1as de aplicaciones financieras que pueden ayudarte a gestionar inteligentemente las finanzas personales.<br \/>\nNuestra misi\u00f3n<\/p>\n<p>Creemos que la educaci\u00f3n financiera es esencial para ayudar a las personas a tomar decisiones informadas y alcanzar sus objetivos financieros. Nuestra misi\u00f3n es empoderar a los consumidores brind\u00e1ndoles informaci\u00f3n clara y relevante sobre las tarjetas de cr\u00e9dito, respetando siempre la privacidad y seguridad de los datos.<\/p>\n<p>Si est\u00e1 interesado en aprender m\u00e1s sobre las tarjetas de cr\u00e9dito, descubrir nuevos beneficios o encontrar aplicaciones financieras \u00fatiles, \u00a1est\u00e1 en el lugar correcto! Explore nuestro sitio web para obtener informaci\u00f3n valiosa y herramientas pr\u00e1cticas para mejorar su experiencia financiera.<\/p>\n<p>\u00a1Gracias por confiarnos su viaje financiero!<\/p>","protected":false},"excerpt":{"rendered":"<p>Bem-vindo ao nosso site dedicado a fornecer informa\u00e7\u00f5es detalhadas sobre cart\u00f5es de cr\u00e9dito, seus benef\u00edcios e dicas de aplicativos \u00fateis. Nosso site foi criado em 2024 com o objetivo de ajudar os consumidores a entenderem melhor o mundo dos cart\u00f5es de cr\u00e9dito, explorarem as vantagens oferecidas por diferentes provedores e descobrirem aplicativos inovadores para gerenciar [&hellip;]<\/p>","protected":false},"author":5,"featured_media":0,"parent":0,"menu_order":0,"comment_status":"closed","ping_status":"closed","template":"","meta":{"_acf_changed":false,"footnotes":""},"class_list":["post-910","page","type-page","status-publish","hentry"],"acf":[],"yoast_head":"<!-- This site is optimized with the Yoast SEO plugin v23.4 - https:\/\/yoast.com\/wordpress\/plugins\/seo\/ -->\n<title>Sobre N\u00f3s | Ch\u00e1 Benef\u00edcios<\/title>\n<meta name=\"robots\" content=\"index, follow, max-snippet:-1, max-image-preview:large, max-video-preview:-1\" \/>\n<link rel=\"canonical\" href=\"https:\/\/chabeneficio.com\/es\/sobre-nos\/\" \/>\n<meta property=\"og:locale\" content=\"es_MX\" \/>\n<meta property=\"og:type\" content=\"article\" \/>\n<meta property=\"og:title\" content=\"Sobre N\u00f3s | Ch\u00e1 Benef\u00edcios\" \/>\n<meta property=\"og:description\" content=\"Bem-vindo ao nosso site dedicado a fornecer informa\u00e7\u00f5es detalhadas sobre cart\u00f5es de cr\u00e9dito, seus benef\u00edcios e dicas de aplicativos \u00fateis. Nosso site foi criado em 2024 com o objetivo de ajudar os consumidores a entenderem melhor o mundo dos cart\u00f5es de cr\u00e9dito, explorarem as vantagens oferecidas por diferentes provedores e descobrirem aplicativos inovadores para gerenciar [&hellip;]\" \/>\n<meta property=\"og:url\" content=\"https:\/\/chabeneficio.com\/es\/sobre-nos\/\" \/>\n<meta property=\"og:site_name\" content=\"Ch\u00e1 Benef\u00edcios\" \/>\n<meta property=\"article:modified_time\" content=\"2024-04-04T09:44:58+00:00\" \/>\n<meta name=\"twitter:card\" content=\"summary_large_image\" \/>\n<meta name=\"twitter:label1\" content=\"Tiempo de lectura\" \/>\n\t<meta name=\"twitter:data1\" content=\"2 minutos\" \/>\n<script type=\"application\/ld+json\" class=\"yoast-schema-graph\">{\"@context\":\"https:\/\/schema.org\",\"@graph\":[{\"@type\":\"WebPage\",\"@id\":\"https:\/\/chabeneficio.com\/sobre-nos\/\",\"url\":\"https:\/\/chabeneficio.com\/sobre-nos\/\",\"name\":\"Sobre N\u00f3s | Ch\u00e1 Benef\u00edcios\",\"isPartOf\":{\"@id\":\"https:\/\/chabeneficio.com\/#website\"},\"datePublished\":\"2024-03-29T23:34:24+00:00\",\"dateModified\":\"2024-04-04T09:44:58+00:00\",\"breadcrumb\":{\"@id\":\"https:\/\/chabeneficio.com\/sobre-nos\/#breadcrumb\"},\"inLanguage\":\"es\",\"potentialAction\":[{\"@type\":\"ReadAction\",\"target\":[\"https:\/\/chabeneficio.com\/sobre-nos\/\"]}]},{\"@type\":\"BreadcrumbList\",\"@id\":\"https:\/\/chabeneficio.com\/sobre-nos\/#breadcrumb\",\"itemListElement\":[{\"@type\":\"ListItem\",\"position\":1,\"name\":\"In\u00edcio\",\"item\":\"https:\/\/chabeneficio.com\/\"},{\"@type\":\"ListItem\",\"position\":2,\"name\":\"Sobre N\u00f3s\"}]},{\"@type\":\"WebSite\",\"@id\":\"https:\/\/chabeneficio.com\/#website\",\"url\":\"https:\/\/chabeneficio.com\/\",\"name\":\"Ch\u00e1 Benef\u00edcios\",\"description\":\"Benef\u00edcios dos Ch\u00e1s, Receitas e Tratamentos!\",\"publisher\":{\"@id\":\"https:\/\/chabeneficio.com\/#organization\"},\"potentialAction\":[{\"@type\":\"SearchAction\",\"target\":{\"@type\":\"EntryPoint\",\"urlTemplate\":\"https:\/\/chabeneficio.com\/?s={search_term_string}\"},\"query-input\":{\"@type\":\"PropertyValueSpecification\",\"valueRequired\":true,\"valueName\":\"search_term_string\"}}],\"inLanguage\":\"es\"},{\"@type\":\"Organization\",\"@id\":\"https:\/\/chabeneficio.com\/#organization\",\"name\":\"Ch\u00e1 Benef\u00edcios\",\"url\":\"https:\/\/chabeneficio.com\/\",\"logo\":{\"@type\":\"ImageObject\",\"inLanguage\":\"es\",\"@id\":\"https:\/\/chabeneficio.com\/#\/schema\/logo\/image\/\",\"url\":\"https:\/\/chabeneficio.com\/wp-content\/uploads\/2018\/03\/Ch\u00e1-Benef\u00edcos.png\",\"contentUrl\":\"https:\/\/chabeneficio.com\/wp-content\/uploads\/2018\/03\/Ch\u00e1-Benef\u00edcos.png\",\"width\":1281,\"height\":1281,\"caption\":\"Ch\u00e1 Benef\u00edcios\"},\"image\":{\"@id\":\"https:\/\/chabeneficio.com\/#\/schema\/logo\/image\/\"}}]}<\/script>\n<!-- \/ Yoast SEO plugin. -->","yoast_head_json":{"title":"Sobre N\u00f3s | Ch\u00e1 Benef\u00edcios","robots":{"index":"index","follow":"follow","max-snippet":"max-snippet:-1","max-image-preview":"max-image-preview:large","max-video-preview":"max-video-preview:-1"},"canonical":"https:\/\/chabeneficio.com\/es\/sobre-nos\/","og_locale":"es_MX","og_type":"article","og_title":"Sobre N\u00f3s | Ch\u00e1 Benef\u00edcios","og_description":"Bem-vindo ao nosso site dedicado a fornecer informa\u00e7\u00f5es detalhadas sobre cart\u00f5es de cr\u00e9dito, seus benef\u00edcios e dicas de aplicativos \u00fateis. Nosso site foi criado em 2024 com o objetivo de ajudar os consumidores a entenderem melhor o mundo dos cart\u00f5es de cr\u00e9dito, explorarem as vantagens oferecidas por diferentes provedores e descobrirem aplicativos inovadores para gerenciar [&hellip;]","og_url":"https:\/\/chabeneficio.com\/es\/sobre-nos\/","og_site_name":"Ch\u00e1 Benef\u00edcios","article_modified_time":"2024-04-04T09:44:58+00:00","twitter_card":"summary_large_image","twitter_misc":{"Tiempo de lectura":"2 minutos"},"schema":{"@context":"https:\/\/schema.org","@graph":[{"@type":"WebPage","@id":"https:\/\/chabeneficio.com\/sobre-nos\/","url":"https:\/\/chabeneficio.com\/sobre-nos\/","name":"Sobre N\u00f3s | Ch\u00e1 Benef\u00edcios","isPartOf":{"@id":"https:\/\/chabeneficio.com\/#website"},"datePublished":"2024-03-29T23:34:24+00:00","dateModified":"2024-04-04T09:44:58+00:00","breadcrumb":{"@id":"https:\/\/chabeneficio.com\/sobre-nos\/#breadcrumb"},"inLanguage":"es","potentialAction":[{"@type":"ReadAction","target":["https:\/\/chabeneficio.com\/sobre-nos\/"]}]},{"@type":"BreadcrumbList","@id":"https:\/\/chabeneficio.com\/sobre-nos\/#breadcrumb","itemListElement":[{"@type":"ListItem","position":1,"name":"In\u00edcio","item":"https:\/\/chabeneficio.com\/"},{"@type":"ListItem","position":2,"name":"Sobre N\u00f3s"}]},{"@type":"WebSite","@id":"https:\/\/chabeneficio.com\/#website","url":"https:\/\/chabeneficio.com\/","name":"Ch\u00e1 Benef\u00edcios","description":"Benef\u00edcios dos Ch\u00e1s, Receitas e Tratamentos!","publisher":{"@id":"https:\/\/chabeneficio.com\/#organization"},"potentialAction":[{"@type":"SearchAction","target":{"@type":"EntryPoint","urlTemplate":"https:\/\/chabeneficio.com\/?s={search_term_string}"},"query-input":{"@type":"PropertyValueSpecification","valueRequired":true,"valueName":"search_term_string"}}],"inLanguage":"es"},{"@type":"Organization","@id":"https:\/\/chabeneficio.com\/#organization","name":"Ch\u00e1 Benef\u00edcios","url":"https:\/\/chabeneficio.com\/","logo":{"@type":"ImageObject","inLanguage":"es","@id":"https:\/\/chabeneficio.com\/#\/schema\/logo\/image\/","url":"https:\/\/chabeneficio.com\/wp-content\/uploads\/2018\/03\/Ch\u00e1-Benef\u00edcos.png","contentUrl":"https:\/\/chabeneficio.com\/wp-content\/uploads\/2018\/03\/Ch\u00e1-Benef\u00edcos.png","width":1281,"height":1281,"caption":"Ch\u00e1 Benef\u00edcios"},"image":{"@id":"https:\/\/chabeneficio.com\/#\/schema\/logo\/image\/"}}]}},"jetpack_sharing_enabled":true,"_links":{"self":[{"href":"https:\/\/chabeneficio.com\/es\/wp-json\/wp\/v2\/pages\/910"}],"collection":[{"href":"https:\/\/chabeneficio.com\/es\/wp-json\/wp\/v2\/pages"}],"about":[{"href":"https:\/\/chabeneficio.com\/es\/wp-json\/wp\/v2\/types\/page"}],"author":[{"embeddable":true,"href":"https:\/\/chabeneficio.com\/es\/wp-json\/wp\/v2\/users\/5"}],"replies":[{"embeddable":true,"href":"https:\/\/chabeneficio.com\/es\/wp-json\/wp\/v2\/comments?post=910"}],"version-history":[{"count":2,"href":"https:\/\/chabeneficio.com\/es\/wp-json\/wp\/v2\/pages\/910\/revisions"}],"predecessor-version":[{"id":948,"href":"https:\/\/chabeneficio.com\/es\/wp-json\/wp\/v2\/pages\/910\/revisions\/948"}],"wp:attachment":[{"href":"https:\/\/chabeneficio.com\/es\/wp-json\/wp\/v2\/media?parent=910"}],"curies":[{"name":"wp","href":"https:\/\/api.w.org\/{rel}","templated":true}]}}