{"id":822,"date":"2024-03-18T00:10:20","date_gmt":"2024-03-18T03:10:20","guid":{"rendered":"https:\/\/chabeneficio.com\/?page_id=822"},"modified":"2024-04-04T06:44:30","modified_gmt":"2024-04-04T09:44:30","slug":"aviso-legal","status":"publish","type":"page","link":"https:\/\/chabeneficio.com\/es\/aviso-legal\/","title":{"rendered":"Aviso Legal"},"content":{"rendered":"<p>A trav\u00e9s de nuestro blog, los usuarios tienen acceso a informaci\u00f3n actualizada sobre contenidos relevantes en el nicho de la aplicaci\u00f3n, beneficios sociales y finanzas, pero destacamos que todo el contenido aqu\u00ed tratado es s\u00f3lo para fines informativos, basado en lo que ya es de p\u00fablico conocimiento, es decir, es No hay informaci\u00f3n privilegiada ni promesa de ninguno de los servicios aqu\u00ed mostrados. Por lo tanto, Ch\u00e1 Beneficio, un sitio web de GS MEDIA, no asume obligaciones de terceros que puedan ser mencionados en nuestros art\u00edculos.<\/p><div class=\"banner banner--content banner--content--full\"><script async src=\"https:\/\/pagead2.googlesyndication.com\/pagead\/js\/adsbygoogle.js?client=ca-pub-8541928713205557\"\n     crossorigin=\"anonymous\"><\/script>\n<!-- ad-top-p -->\n<ins class=\"adsbygoogle\"\n     style=\"display:block\"\n     data-ad-client=\"ca-pub-8541928713205557\"\n     data-ad-slot=\"3264867050\"\n     data-ad-format=\"auto\"\n     data-full-width-responsive=\"true\"><\/ins>\n<script>\n     (adsbygoogle = window.adsbygoogle || []).push({});\n<\/script><\/div>\n<p>GS MEDIA LTDA y sus empresas relacionadas quedan exentas de cualquier responsabilidad relativa a p\u00e9rdidas, directas o indirectas, resultantes del uso de su contenido.<\/p>\n<p>Si necesita m\u00e1s informaci\u00f3n o tiene alguna pregunta sobre el aviso legal de nuestro sitio web, no dude en contactarnos a contato@seriadornaveia.com.br<\/p>\n<div id=\"ez-toc-container\" class=\"ez-toc-v2_0_69_1 counter-hierarchy ez-toc-counter ez-toc-grey ez-toc-container-direction\">\n<div class=\"ez-toc-title-container\">\n<p class=\"ez-toc-title\" >Conte&uacute;do:<\/p>\n<span class=\"ez-toc-title-toggle\"><a href=\"#\" class=\"ez-toc-pull-right ez-toc-btn ez-toc-btn-xs ez-toc-btn-default ez-toc-toggle\" aria-label=\"Alternar tabla de contenido\"><span class=\"ez-toc-js-icon-con\"><span class=\"\"><span class=\"eztoc-hide\" style=\"display:none;\">Palanca<\/span><span class=\"ez-toc-icon-toggle-span\"><svg style=\"fill: #999;color:#999\" xmlns=\"http:\/\/www.w3.org\/2000\/svg\" class=\"list-377408\" width=\"20px\" height=\"20px\" viewbox=\"0 0 24 24\" fill=\"none\"><path d=\"M6 6H4v2h2V6zm14 0H8v2h12V6zM4 11h2v2H4v-2zm16 0H8v2h12v-2zM4 16h2v2H4v-2zm16 0H8v2h12v-2z\" fill=\"currentColor\"><\/path><\/svg><svg style=\"fill: #999;color:#999\" class=\"arrow-unsorted-368013\" xmlns=\"http:\/\/www.w3.org\/2000\/svg\" width=\"10px\" height=\"10px\" viewbox=\"0 0 24 24\" version=\"1.2\" baseprofile=\"tiny\"><path d=\"M18.2 9.3l-6.2-6.3-6.2 6.3c-.2.2-.3.4-.3.7s.1.5.3.7c.2.2.4.3.7.3h11c.3 0 .5-.1.7-.3.2-.2.3-.5.3-.7s-.1-.5-.3-.7zM5.8 14.7l6.2 6.3 6.2-6.3c.2-.2.3-.5.3-.7s-.1-.5-.3-.7c-.2-.2-.4-.3-.7-.3h-11c-.3 0-.5.1-.7.3-.2.2-.3.5-.3.7s.1.5.3.7z\"\/><\/svg><\/span><\/span><\/span><\/a><\/span><\/div>\n<nav><ul class='ez-toc-list ez-toc-list-level-1' ><li class='ez-toc-page-1 ez-toc-heading-level-2'><a class=\"ez-toc-link ez-toc-heading-1\" href=\"https:\/\/chabeneficio.com\/es\/aviso-legal\/#Isencao_de_responsabilidade_do_Seriador_na_Veia_Tech\" title=\"Exenci\u00f3n de responsabilidad del Editor de la Serie en Veia Tech\">Exenci\u00f3n de responsabilidad del Editor de la Serie en Veia Tech<\/a><\/li><li class='ez-toc-page-1 ez-toc-heading-level-2'><a class=\"ez-toc-link ez-toc-heading-2\" href=\"https:\/\/chabeneficio.com\/es\/aviso-legal\/#Consentimento\" title=\"Consentir\">Consentir<\/a><\/li><li class='ez-toc-page-1 ez-toc-heading-level-2'><a class=\"ez-toc-link ez-toc-heading-3\" href=\"https:\/\/chabeneficio.com\/es\/aviso-legal\/#Atualizacoes\" title=\"Actualizaciones\">Actualizaciones<\/a><\/li><\/ul><\/nav><\/div>\n<h2 class=\"wp-block-heading\"><span class=\"ez-toc-section\" id=\"Isencao_de_responsabilidade_do_Seriador_na_Veia_Tech\"><\/span>Exenci\u00f3n de responsabilidad del Editor de la Serie en Veia Tech<span class=\"ez-toc-section-end\"><\/span><\/h2>\n<p>Toda la informaci\u00f3n contenida en este sitio web \u2013 https:\/\/chabeneficio.com\/ \u2013 se publica de buena fe y \u00fanicamente con fines de informaci\u00f3n general. Ch\u00e1 Beneficio no ofrece ninguna garant\u00eda sobre la integridad, confiabilidad y exactitud de esta informaci\u00f3n. Cualquier acci\u00f3n que usted realice sobre la informaci\u00f3n que encuentre en este sitio web (Ch\u00e1 Beneficio), es estrictamente bajo su propio riesgo. Ch\u00e1 Beneficio no es responsable de ninguna p\u00e9rdida y\/o da\u00f1o relacionado con el uso de nuestro sitio web.<\/p>\n<p>Desde nuestro sitio web, puede visitar otros sitios web siguiendo hiperv\u00ednculos a estos sitios web externos. Si bien nos esforzamos por proporcionar \u00fanicamente enlaces de calidad a sitios web \u00fatiles y \u00e9ticos, no tenemos control sobre el contenido ni la naturaleza de estos sitios web. Estos enlaces a otros sitios no implican una recomendaci\u00f3n para todo el contenido que se encuentra en esos sitios. Los propietarios y el contenido del sitio pueden cambiar sin previo aviso y pueden ocurrir antes de que tengamos la oportunidad de eliminar un enlace que pueda haber resultado &quot;malo&quot;.<\/p>\n<p>Tenga en cuenta tambi\u00e9n que cuando abandona nuestro sitio web, otros sitios pueden tener pol\u00edticas y t\u00e9rminos de privacidad diferentes que est\u00e1n fuera de nuestro control. Aseg\u00farese de consultar las Pol\u00edticas de privacidad de estos sitios, as\u00ed como sus \u201cT\u00e9rminos de servicio\u201d antes de realizar cualquier negocio o cargar cualquier informaci\u00f3n.<\/p>\n<h2 class=\"wp-block-heading\"><span class=\"ez-toc-section\" id=\"Consentimento\"><\/span>Consentir<span class=\"ez-toc-section-end\"><\/span><\/h2>\n<p>Al utilizar nuestro sitio web, usted acepta nuestro descargo de responsabilidad y sus t\u00e9rminos.<\/p>\n<h2 class=\"wp-block-heading\"><span class=\"ez-toc-section\" id=\"Atualizacoes\"><\/span>Actualizaciones<span class=\"ez-toc-section-end\"><\/span><\/h2>\n<p>Si actualizamos, modificamos o realizamos cambios en este documento, esos cambios se publicar\u00e1n de forma destacada aqu\u00ed.<\/p>","protected":false},"excerpt":{"rendered":"<p>Atrav\u00e9s do nosso blog, os usu\u00e1rios t\u00eam acesso a informa\u00e7\u00f5es atualizadas sobre conte\u00fados relevantes do nicho de aplicativos, benef\u00edcios sociais e finan\u00e7as, mas destacamos que todo conte\u00fado tratado aqui, tem fim meramente informativo, baseado no que j\u00e1 \u00e9 de conhecimento p\u00fablico, ou seja, n\u00e3o \u00e9 informa\u00e7\u00e3o privilegiada ou promessa de quaisquer servi\u00e7os aqui mostrado. Com [&hellip;]<\/p>","protected":false},"author":5,"featured_media":0,"parent":0,"menu_order":0,"comment_status":"closed","ping_status":"closed","template":"","meta":{"_acf_changed":false,"footnotes":""},"class_list":["post-822","page","type-page","status-publish","hentry"],"acf":[],"yoast_head":"<!-- This site is optimized with the Yoast SEO plugin v23.4 - https:\/\/yoast.com\/wordpress\/plugins\/seo\/ -->\n<title>Aviso Legal | Ch\u00e1 Benef\u00edcios<\/title>\n<meta name=\"robots\" content=\"index, follow, max-snippet:-1, max-image-preview:large, max-video-preview:-1\" \/>\n<link rel=\"canonical\" href=\"https:\/\/chabeneficio.com\/es\/aviso-legal\/\" \/>\n<meta property=\"og:locale\" content=\"es_MX\" \/>\n<meta property=\"og:type\" content=\"article\" \/>\n<meta property=\"og:title\" content=\"Aviso Legal | Ch\u00e1 Benef\u00edcios\" \/>\n<meta property=\"og:description\" content=\"Atrav\u00e9s do nosso blog, os usu\u00e1rios t\u00eam acesso a informa\u00e7\u00f5es atualizadas sobre conte\u00fados relevantes do nicho de aplicativos, benef\u00edcios sociais e finan\u00e7as, mas destacamos que todo conte\u00fado tratado aqui, tem fim meramente informativo, baseado no que j\u00e1 \u00e9 de conhecimento p\u00fablico, ou seja, n\u00e3o \u00e9 informa\u00e7\u00e3o privilegiada ou promessa de quaisquer servi\u00e7os aqui mostrado. Com [&hellip;]\" \/>\n<meta property=\"og:url\" content=\"https:\/\/chabeneficio.com\/es\/aviso-legal\/\" \/>\n<meta property=\"og:site_name\" content=\"Ch\u00e1 Benef\u00edcios\" \/>\n<meta property=\"article:modified_time\" content=\"2024-04-04T09:44:30+00:00\" \/>\n<meta name=\"twitter:card\" content=\"summary_large_image\" \/>\n<meta name=\"twitter:label1\" content=\"Tiempo de lectura\" \/>\n\t<meta name=\"twitter:data1\" content=\"3 minutos\" \/>\n<script type=\"application\/ld+json\" class=\"yoast-schema-graph\">{\"@context\":\"https:\/\/schema.org\",\"@graph\":[{\"@type\":\"WebPage\",\"@id\":\"https:\/\/chabeneficio.com\/aviso-legal\/\",\"url\":\"https:\/\/chabeneficio.com\/aviso-legal\/\",\"name\":\"Aviso Legal | Ch\u00e1 Benef\u00edcios\",\"isPartOf\":{\"@id\":\"https:\/\/chabeneficio.com\/#website\"},\"datePublished\":\"2024-03-18T03:10:20+00:00\",\"dateModified\":\"2024-04-04T09:44:30+00:00\",\"breadcrumb\":{\"@id\":\"https:\/\/chabeneficio.com\/aviso-legal\/#breadcrumb\"},\"inLanguage\":\"es\",\"potentialAction\":[{\"@type\":\"ReadAction\",\"target\":[\"https:\/\/chabeneficio.com\/aviso-legal\/\"]}]},{\"@type\":\"BreadcrumbList\",\"@id\":\"https:\/\/chabeneficio.com\/aviso-legal\/#breadcrumb\",\"itemListElement\":[{\"@type\":\"ListItem\",\"position\":1,\"name\":\"In\u00edcio\",\"item\":\"https:\/\/chabeneficio.com\/\"},{\"@type\":\"ListItem\",\"position\":2,\"name\":\"Aviso Legal\"}]},{\"@type\":\"WebSite\",\"@id\":\"https:\/\/chabeneficio.com\/#website\",\"url\":\"https:\/\/chabeneficio.com\/\",\"name\":\"Ch\u00e1 Benef\u00edcios\",\"description\":\"Benef\u00edcios dos Ch\u00e1s, Receitas e Tratamentos!\",\"publisher\":{\"@id\":\"https:\/\/chabeneficio.com\/#organization\"},\"potentialAction\":[{\"@type\":\"SearchAction\",\"target\":{\"@type\":\"EntryPoint\",\"urlTemplate\":\"https:\/\/chabeneficio.com\/?s={search_term_string}\"},\"query-input\":{\"@type\":\"PropertyValueSpecification\",\"valueRequired\":true,\"valueName\":\"search_term_string\"}}],\"inLanguage\":\"es\"},{\"@type\":\"Organization\",\"@id\":\"https:\/\/chabeneficio.com\/#organization\",\"name\":\"Ch\u00e1 Benef\u00edcios\",\"url\":\"https:\/\/chabeneficio.com\/\",\"logo\":{\"@type\":\"ImageObject\",\"inLanguage\":\"es\",\"@id\":\"https:\/\/chabeneficio.com\/#\/schema\/logo\/image\/\",\"url\":\"https:\/\/chabeneficio.com\/wp-content\/uploads\/2018\/03\/Ch\u00e1-Benef\u00edcos.png\",\"contentUrl\":\"https:\/\/chabeneficio.com\/wp-content\/uploads\/2018\/03\/Ch\u00e1-Benef\u00edcos.png\",\"width\":1281,\"height\":1281,\"caption\":\"Ch\u00e1 Benef\u00edcios\"},\"image\":{\"@id\":\"https:\/\/chabeneficio.com\/#\/schema\/logo\/image\/\"}}]}<\/script>\n<!-- \/ Yoast SEO plugin. -->","yoast_head_json":{"title":"Aviso Legal | Ch\u00e1 Benef\u00edcios","robots":{"index":"index","follow":"follow","max-snippet":"max-snippet:-1","max-image-preview":"max-image-preview:large","max-video-preview":"max-video-preview:-1"},"canonical":"https:\/\/chabeneficio.com\/es\/aviso-legal\/","og_locale":"es_MX","og_type":"article","og_title":"Aviso Legal | Ch\u00e1 Benef\u00edcios","og_description":"Atrav\u00e9s do nosso blog, os usu\u00e1rios t\u00eam acesso a informa\u00e7\u00f5es atualizadas sobre conte\u00fados relevantes do nicho de aplicativos, benef\u00edcios sociais e finan\u00e7as, mas destacamos que todo conte\u00fado tratado aqui, tem fim meramente informativo, baseado no que j\u00e1 \u00e9 de conhecimento p\u00fablico, ou seja, n\u00e3o \u00e9 informa\u00e7\u00e3o privilegiada ou promessa de quaisquer servi\u00e7os aqui mostrado. Com [&hellip;]","og_url":"https:\/\/chabeneficio.com\/es\/aviso-legal\/","og_site_name":"Ch\u00e1 Benef\u00edcios","article_modified_time":"2024-04-04T09:44:30+00:00","twitter_card":"summary_large_image","twitter_misc":{"Tiempo de lectura":"3 minutos"},"schema":{"@context":"https:\/\/schema.org","@graph":[{"@type":"WebPage","@id":"https:\/\/chabeneficio.com\/aviso-legal\/","url":"https:\/\/chabeneficio.com\/aviso-legal\/","name":"Aviso Legal | Ch\u00e1 Benef\u00edcios","isPartOf":{"@id":"https:\/\/chabeneficio.com\/#website"},"datePublished":"2024-03-18T03:10:20+00:00","dateModified":"2024-04-04T09:44:30+00:00","breadcrumb":{"@id":"https:\/\/chabeneficio.com\/aviso-legal\/#breadcrumb"},"inLanguage":"es","potentialAction":[{"@type":"ReadAction","target":["https:\/\/chabeneficio.com\/aviso-legal\/"]}]},{"@type":"BreadcrumbList","@id":"https:\/\/chabeneficio.com\/aviso-legal\/#breadcrumb","itemListElement":[{"@type":"ListItem","position":1,"name":"In\u00edcio","item":"https:\/\/chabeneficio.com\/"},{"@type":"ListItem","position":2,"name":"Aviso Legal"}]},{"@type":"WebSite","@id":"https:\/\/chabeneficio.com\/#website","url":"https:\/\/chabeneficio.com\/","name":"Ch\u00e1 Benef\u00edcios","description":"Benef\u00edcios dos Ch\u00e1s, Receitas e Tratamentos!","publisher":{"@id":"https:\/\/chabeneficio.com\/#organization"},"potentialAction":[{"@type":"SearchAction","target":{"@type":"EntryPoint","urlTemplate":"https:\/\/chabeneficio.com\/?s={search_term_string}"},"query-input":{"@type":"PropertyValueSpecification","valueRequired":true,"valueName":"search_term_string"}}],"inLanguage":"es"},{"@type":"Organization","@id":"https:\/\/chabeneficio.com\/#organization","name":"Ch\u00e1 Benef\u00edcios","url":"https:\/\/chabeneficio.com\/","logo":{"@type":"ImageObject","inLanguage":"es","@id":"https:\/\/chabeneficio.com\/#\/schema\/logo\/image\/","url":"https:\/\/chabeneficio.com\/wp-content\/uploads\/2018\/03\/Ch\u00e1-Benef\u00edcos.png","contentUrl":"https:\/\/chabeneficio.com\/wp-content\/uploads\/2018\/03\/Ch\u00e1-Benef\u00edcos.png","width":1281,"height":1281,"caption":"Ch\u00e1 Benef\u00edcios"},"image":{"@id":"https:\/\/chabeneficio.com\/#\/schema\/logo\/image\/"}}]}},"jetpack_sharing_enabled":true,"_links":{"self":[{"href":"https:\/\/chabeneficio.com\/es\/wp-json\/wp\/v2\/pages\/822"}],"collection":[{"href":"https:\/\/chabeneficio.com\/es\/wp-json\/wp\/v2\/pages"}],"about":[{"href":"https:\/\/chabeneficio.com\/es\/wp-json\/wp\/v2\/types\/page"}],"author":[{"embeddable":true,"href":"https:\/\/chabeneficio.com\/es\/wp-json\/wp\/v2\/users\/5"}],"replies":[{"embeddable":true,"href":"https:\/\/chabeneficio.com\/es\/wp-json\/wp\/v2\/comments?post=822"}],"version-history":[{"count":3,"href":"https:\/\/chabeneficio.com\/es\/wp-json\/wp\/v2\/pages\/822\/revisions"}],"predecessor-version":[{"id":946,"href":"https:\/\/chabeneficio.com\/es\/wp-json\/wp\/v2\/pages\/822\/revisions\/946"}],"wp:attachment":[{"href":"https:\/\/chabeneficio.com\/es\/wp-json\/wp\/v2\/media?parent=822"}],"curies":[{"name":"wp","href":"https:\/\/api.w.org\/{rel}","templated":true}]}}