{"id":816,"date":"2024-03-18T00:05:11","date_gmt":"2024-03-18T03:05:11","guid":{"rendered":"https:\/\/chabeneficio.com\/?page_id=816"},"modified":"2024-03-29T20:38:39","modified_gmt":"2024-03-29T23:38:39","slug":"contato","status":"publish","type":"page","link":"https:\/\/chabeneficio.com\/es\/contato\/","title":{"rendered":"Contacto"},"content":{"rendered":"<div class=\"wpcf7 no-js\" id=\"wpcf7-f5-o1\" lang=\"pt-BR\" dir=\"ltr\">\n<div class=\"screen-reader-response\"><p role=\"status\" aria-live=\"polite\" aria-atomic=\"true\"><\/p> <ul><\/ul><\/div>\n<form action=\"\/es\/wp-json\/wp\/v2\/pages\/816#wpcf7-f5-o1\" method=\"post\" class=\"wpcf7-form init\" aria-label=\"Formul\u00e1rios de contato\" novalidate=\"novalidate\" data-status=\"init\" data-trp-original-action=\"\/es\/wp-json\/wp\/v2\/pages\/816#wpcf7-f5-o1\">\n<div style=\"display: none;\">\n<input type=\"hidden\" name=\"_wpcf7\" value=\"5\" \/>\n<input type=\"hidden\" name=\"_wpcf7_version\" value=\"5.9.8\" \/>\n<input type=\"hidden\" name=\"_wpcf7_locale\" value=\"pt_BR\" \/>\n<input type=\"hidden\" name=\"_wpcf7_unit_tag\" value=\"wpcf7-f5-o1\" \/>\n<input type=\"hidden\" name=\"_wpcf7_container_post\" value=\"0\" \/>\n<input type=\"hidden\" name=\"_wpcf7_posted_data_hash\" value=\"\" \/>\n<\/div>\n<p><label> Tu nombre (requerido)<br \/>\n<span class=\"wpcf7-form-control-wrap\" data-name=\"your-name\"><input size=\"40\" maxlength=\"400\" class=\"wpcf7-form-control wpcf7-text wpcf7-validates-as-required\" aria-required=\"true\" aria-invalid=\"false\" value=\"\" type=\"text\" name=\"your-name\" \/><\/span> <\/label>\n<\/p>\n<p><label> Tu Email (requerido)<br \/>\n<span class=\"wpcf7-form-control-wrap\" data-name=\"your-email\"><input size=\"40\" maxlength=\"400\" class=\"wpcf7-form-control wpcf7-email wpcf7-validates-as-required wpcf7-text wpcf7-validates-as-email\" aria-required=\"true\" aria-invalid=\"false\" value=\"\" type=\"email\" name=\"your-email\" \/><\/span> <\/label>\n<\/p>\n<p><label> Sujeto<br \/>\n<span class=\"wpcf7-form-control-wrap\" data-name=\"your-subject\"><input size=\"40\" maxlength=\"400\" class=\"wpcf7-form-control wpcf7-text\" aria-invalid=\"false\" value=\"\" type=\"text\" name=\"your-subject\" \/><\/span> <\/label>\n<\/p>\n<p><label> su mensaje<br \/>\n<span class=\"wpcf7-form-control-wrap\" data-name=\"your-message\"><textarea cols=\"40\" rows=\"10\" maxlength=\"2000\" class=\"wpcf7-form-control wpcf7-textarea\" aria-invalid=\"false\" name=\"your-message\"><\/textarea><\/span> <\/label>\n<\/p>\n<p><input class=\"wpcf7-form-control wpcf7-submit has-spinner\" type=\"submit\" value=\"Mandar\" \/>\n<\/p><div class=\"wpcf7-response-output\" aria-hidden=\"true\"><\/div>\n<input type=\"hidden\" name=\"trp-form-language\" value=\"es\"\/><\/form>\n<\/div>\n\n<\/p><div class=\"banner banner--content banner--content--full\"><script async src=\"https:\/\/pagead2.googlesyndication.com\/pagead\/js\/adsbygoogle.js?client=ca-pub-8541928713205557\"\n     crossorigin=\"anonymous\"><\/script>\n<!-- ad-top-p -->\n<ins class=\"adsbygoogle\"\n     style=\"display:block\"\n     data-ad-client=\"ca-pub-8541928713205557\"\n     data-ad-slot=\"3264867050\"\n     data-ad-format=\"auto\"\n     data-full-width-responsive=\"true\"><\/ins>\n<script>\n     (adsbygoogle = window.adsbygoogle || []).push({});\n<\/script><\/div>","protected":false},"excerpt":{"rendered":"","protected":false},"author":5,"featured_media":0,"parent":0,"menu_order":0,"comment_status":"closed","ping_status":"closed","template":"","meta":{"_acf_changed":false,"footnotes":""},"class_list":["post-816","page","type-page","status-publish","hentry"],"acf":[],"yoast_head":"<!-- This site is optimized with the Yoast SEO plugin v23.4 - https:\/\/yoast.com\/wordpress\/plugins\/seo\/ -->\n<title>Contato | Ch\u00e1 Benef\u00edcios<\/title>\n<meta name=\"robots\" content=\"index, follow, max-snippet:-1, max-image-preview:large, max-video-preview:-1\" \/>\n<link rel=\"canonical\" href=\"https:\/\/chabeneficio.com\/es\/contato\/\" \/>\n<meta property=\"og:locale\" content=\"es_MX\" \/>\n<meta property=\"og:type\" content=\"article\" \/>\n<meta property=\"og:title\" content=\"Contato | Ch\u00e1 Benef\u00edcios\" \/>\n<meta property=\"og:url\" content=\"https:\/\/chabeneficio.com\/es\/contato\/\" \/>\n<meta property=\"og:site_name\" content=\"Ch\u00e1 Benef\u00edcios\" \/>\n<meta property=\"article:modified_time\" content=\"2024-03-29T23:38:39+00:00\" \/>\n<meta name=\"twitter:card\" content=\"summary_large_image\" \/>\n<meta name=\"twitter:label1\" content=\"Tiempo de lectura\" \/>\n\t<meta name=\"twitter:data1\" content=\"1 minuto\" \/>\n<script type=\"application\/ld+json\" class=\"yoast-schema-graph\">{\"@context\":\"https:\/\/schema.org\",\"@graph\":[{\"@type\":\"WebPage\",\"@id\":\"https:\/\/chabeneficio.com\/contato\/\",\"url\":\"https:\/\/chabeneficio.com\/contato\/\",\"name\":\"Contato | Ch\u00e1 Benef\u00edcios\",\"isPartOf\":{\"@id\":\"https:\/\/chabeneficio.com\/#website\"},\"datePublished\":\"2024-03-18T03:05:11+00:00\",\"dateModified\":\"2024-03-29T23:38:39+00:00\",\"breadcrumb\":{\"@id\":\"https:\/\/chabeneficio.com\/contato\/#breadcrumb\"},\"inLanguage\":\"es\",\"potentialAction\":[{\"@type\":\"ReadAction\",\"target\":[\"https:\/\/chabeneficio.com\/contato\/\"]}]},{\"@type\":\"BreadcrumbList\",\"@id\":\"https:\/\/chabeneficio.com\/contato\/#breadcrumb\",\"itemListElement\":[{\"@type\":\"ListItem\",\"position\":1,\"name\":\"In\u00edcio\",\"item\":\"https:\/\/chabeneficio.com\/\"},{\"@type\":\"ListItem\",\"position\":2,\"name\":\"Contato\"}]},{\"@type\":\"WebSite\",\"@id\":\"https:\/\/chabeneficio.com\/#website\",\"url\":\"https:\/\/chabeneficio.com\/\",\"name\":\"Ch\u00e1 Benef\u00edcios\",\"description\":\"Benef\u00edcios dos Ch\u00e1s, Receitas e Tratamentos!\",\"publisher\":{\"@id\":\"https:\/\/chabeneficio.com\/#organization\"},\"potentialAction\":[{\"@type\":\"SearchAction\",\"target\":{\"@type\":\"EntryPoint\",\"urlTemplate\":\"https:\/\/chabeneficio.com\/?s={search_term_string}\"},\"query-input\":{\"@type\":\"PropertyValueSpecification\",\"valueRequired\":true,\"valueName\":\"search_term_string\"}}],\"inLanguage\":\"es\"},{\"@type\":\"Organization\",\"@id\":\"https:\/\/chabeneficio.com\/#organization\",\"name\":\"Ch\u00e1 Benef\u00edcios\",\"url\":\"https:\/\/chabeneficio.com\/\",\"logo\":{\"@type\":\"ImageObject\",\"inLanguage\":\"es\",\"@id\":\"https:\/\/chabeneficio.com\/#\/schema\/logo\/image\/\",\"url\":\"https:\/\/chabeneficio.com\/wp-content\/uploads\/2018\/03\/Ch\u00e1-Benef\u00edcos.png\",\"contentUrl\":\"https:\/\/chabeneficio.com\/wp-content\/uploads\/2018\/03\/Ch\u00e1-Benef\u00edcos.png\",\"width\":1281,\"height\":1281,\"caption\":\"Ch\u00e1 Benef\u00edcios\"},\"image\":{\"@id\":\"https:\/\/chabeneficio.com\/#\/schema\/logo\/image\/\"}}]}<\/script>\n<!-- \/ Yoast SEO plugin. -->","yoast_head_json":{"title":"Contato | Ch\u00e1 Benef\u00edcios","robots":{"index":"index","follow":"follow","max-snippet":"max-snippet:-1","max-image-preview":"max-image-preview:large","max-video-preview":"max-video-preview:-1"},"canonical":"https:\/\/chabeneficio.com\/es\/contato\/","og_locale":"es_MX","og_type":"article","og_title":"Contato | Ch\u00e1 Benef\u00edcios","og_url":"https:\/\/chabeneficio.com\/es\/contato\/","og_site_name":"Ch\u00e1 Benef\u00edcios","article_modified_time":"2024-03-29T23:38:39+00:00","twitter_card":"summary_large_image","twitter_misc":{"Tiempo de lectura":"1 minuto"},"schema":{"@context":"https:\/\/schema.org","@graph":[{"@type":"WebPage","@id":"https:\/\/chabeneficio.com\/contato\/","url":"https:\/\/chabeneficio.com\/contato\/","name":"Contato | Ch\u00e1 Benef\u00edcios","isPartOf":{"@id":"https:\/\/chabeneficio.com\/#website"},"datePublished":"2024-03-18T03:05:11+00:00","dateModified":"2024-03-29T23:38:39+00:00","breadcrumb":{"@id":"https:\/\/chabeneficio.com\/contato\/#breadcrumb"},"inLanguage":"es","potentialAction":[{"@type":"ReadAction","target":["https:\/\/chabeneficio.com\/contato\/"]}]},{"@type":"BreadcrumbList","@id":"https:\/\/chabeneficio.com\/contato\/#breadcrumb","itemListElement":[{"@type":"ListItem","position":1,"name":"In\u00edcio","item":"https:\/\/chabeneficio.com\/"},{"@type":"ListItem","position":2,"name":"Contato"}]},{"@type":"WebSite","@id":"https:\/\/chabeneficio.com\/#website","url":"https:\/\/chabeneficio.com\/","name":"Ch\u00e1 Benef\u00edcios","description":"Benef\u00edcios dos Ch\u00e1s, Receitas e Tratamentos!","publisher":{"@id":"https:\/\/chabeneficio.com\/#organization"},"potentialAction":[{"@type":"SearchAction","target":{"@type":"EntryPoint","urlTemplate":"https:\/\/chabeneficio.com\/?s={search_term_string}"},"query-input":{"@type":"PropertyValueSpecification","valueRequired":true,"valueName":"search_term_string"}}],"inLanguage":"es"},{"@type":"Organization","@id":"https:\/\/chabeneficio.com\/#organization","name":"Ch\u00e1 Benef\u00edcios","url":"https:\/\/chabeneficio.com\/","logo":{"@type":"ImageObject","inLanguage":"es","@id":"https:\/\/chabeneficio.com\/#\/schema\/logo\/image\/","url":"https:\/\/chabeneficio.com\/wp-content\/uploads\/2018\/03\/Ch\u00e1-Benef\u00edcos.png","contentUrl":"https:\/\/chabeneficio.com\/wp-content\/uploads\/2018\/03\/Ch\u00e1-Benef\u00edcos.png","width":1281,"height":1281,"caption":"Ch\u00e1 Benef\u00edcios"},"image":{"@id":"https:\/\/chabeneficio.com\/#\/schema\/logo\/image\/"}}]}},"jetpack_sharing_enabled":true,"_links":{"self":[{"href":"https:\/\/chabeneficio.com\/es\/wp-json\/wp\/v2\/pages\/816"}],"collection":[{"href":"https:\/\/chabeneficio.com\/es\/wp-json\/wp\/v2\/pages"}],"about":[{"href":"https:\/\/chabeneficio.com\/es\/wp-json\/wp\/v2\/types\/page"}],"author":[{"embeddable":true,"href":"https:\/\/chabeneficio.com\/es\/wp-json\/wp\/v2\/users\/5"}],"replies":[{"embeddable":true,"href":"https:\/\/chabeneficio.com\/es\/wp-json\/wp\/v2\/comments?post=816"}],"version-history":[{"count":1,"href":"https:\/\/chabeneficio.com\/es\/wp-json\/wp\/v2\/pages\/816\/revisions"}],"predecessor-version":[{"id":817,"href":"https:\/\/chabeneficio.com\/es\/wp-json\/wp\/v2\/pages\/816\/revisions\/817"}],"wp:attachment":[{"href":"https:\/\/chabeneficio.com\/es\/wp-json\/wp\/v2\/media?parent=816"}],"curies":[{"name":"wp","href":"https:\/\/api.w.org\/{rel}","templated":true}]}}