{"id":910,"date":"2024-03-29T20:34:24","date_gmt":"2024-03-29T23:34:24","guid":{"rendered":"https:\/\/chabeneficio.com\/?page_id=910"},"modified":"2024-04-04T06:44:58","modified_gmt":"2024-04-04T09:44:58","slug":"sobre-nos","status":"publish","type":"page","link":"https:\/\/chabeneficio.com\/en\/sobre-nos\/","title":{"rendered":"About Us"},"content":{"rendered":"<p>Welcome to our website dedicated to providing detailed information about credit cards, their benefits and useful application tips. Our website was created in 2024 with the aim of helping consumers better understand the world of credit cards, explore the benefits offered by different providers and discover innovative applications to manage their finances more efficiently.<\/p><div class=\"banner banner--content banner--content--full\"><script async src=\"https:\/\/pagead2.googlesyndication.com\/pagead\/js\/adsbygoogle.js?client=ca-pub-8541928713205557\"\n     crossorigin=\"anonymous\"><\/script>\n<!-- ad-top-p -->\n<ins class=\"adsbygoogle\"\n     style=\"display:block\"\n     data-ad-client=\"ca-pub-8541928713205557\"\n     data-ad-slot=\"3264867050\"\n     data-ad-format=\"auto\"\n     data-full-width-responsive=\"true\"><\/ins>\n<script>\n     (adsbygoogle = window.adsbygoogle || []).push({});\n<\/script><\/div>\n<div id=\"ez-toc-container\" class=\"ez-toc-v2_0_69_1 counter-hierarchy ez-toc-counter ez-toc-grey ez-toc-container-direction\">\n<div class=\"ez-toc-title-container\">\n<p class=\"ez-toc-title\" >Conte&uacute;do:<\/p>\n<span class=\"ez-toc-title-toggle\"><a href=\"#\" class=\"ez-toc-pull-right ez-toc-btn ez-toc-btn-xs ez-toc-btn-default ez-toc-toggle\" aria-label=\"Toggle Table of Content\"><span class=\"ez-toc-js-icon-con\"><span class=\"\"><span class=\"eztoc-hide\" style=\"display:none;\">Toggle<\/span><span class=\"ez-toc-icon-toggle-span\"><svg style=\"fill: #999;color:#999\" xmlns=\"http:\/\/www.w3.org\/2000\/svg\" class=\"list-377408\" width=\"20px\" height=\"20px\" viewbox=\"0 0 24 24\" fill=\"none\"><path d=\"M6 6H4v2h2V6zm14 0H8v2h12V6zM4 11h2v2H4v-2zm16 0H8v2h12v-2zM4 16h2v2H4v-2zm16 0H8v2h12v-2z\" fill=\"currentColor\"><\/path><\/svg><svg style=\"fill: #999;color:#999\" class=\"arrow-unsorted-368013\" xmlns=\"http:\/\/www.w3.org\/2000\/svg\" width=\"10px\" height=\"10px\" viewbox=\"0 0 24 24\" version=\"1.2\" baseprofile=\"tiny\"><path d=\"M18.2 9.3l-6.2-6.3-6.2 6.3c-.2.2-.3.4-.3.7s.1.5.3.7c.2.2.4.3.7.3h11c.3 0 .5-.1.7-.3.2-.2.3-.5.3-.7s-.1-.5-.3-.7zM5.8 14.7l6.2 6.3 6.2-6.3c.2-.2.3-.5.3-.7s-.1-.5-.3-.7c-.2-.2-.4-.3-.7-.3h-11c-.3 0-.5.1-.7.3-.2.2-.3.5-.3.7s.1.5.3.7z\"\/><\/svg><\/span><\/span><\/span><\/a><\/span><\/div>\n<nav><ul class='ez-toc-list ez-toc-list-level-1' ><li class='ez-toc-page-1 ez-toc-heading-level-2'><a class=\"ez-toc-link ez-toc-heading-1\" href=\"https:\/\/chabeneficio.com\/en\/sobre-nos\/#Nosso_Compromisso_com_a_Privacidade\" title=\"Our Commitment to Privacy\">Our Commitment to Privacy<\/a><\/li><li class='ez-toc-page-1 ez-toc-heading-level-2'><a class=\"ez-toc-link ez-toc-heading-2\" href=\"https:\/\/chabeneficio.com\/en\/sobre-nos\/#O_Que_Oferecemos\" title=\"What We Offer\">What We Offer<\/a><\/li><\/ul><\/nav><\/div>\n<h2><span class=\"ez-toc-section\" id=\"Nosso_Compromisso_com_a_Privacidade\"><\/span>Our Commitment to Privacy<span class=\"ez-toc-section-end\"><\/span><\/h2>\n<p>We respect and value the privacy of our users. We strictly follow the guidelines and regulations of the LGPD (General Data Protection Law), ensuring the protection of our visitors&#039; personal data.<\/p>\n<h2><span class=\"ez-toc-section\" id=\"O_Que_Oferecemos\"><\/span>What We Offer<span class=\"ez-toc-section-end\"><\/span><\/h2>\n<p>Unbiased, in-depth reviews of different types of credit cards, including benefits, rates and terms.<br \/>\nHighlights of the main benefits offered by different card providers, helping users choose the best one for their needs.<\/p>\n<p>Tips and strategies to maximize the benefits of credit cards and maintain solid financial health.<br \/>\nReviews of financial applications that can help you intelligently manage personal finances.<br \/>\nOur mission<\/p>\n<p>We believe that financial education is essential to helping people make informed decisions and achieve their financial goals. Our mission is to empower consumers by providing clear and relevant information about credit cards, while always respecting data privacy and security.<\/p>\n<p>If you&#039;re interested in learning more about credit cards, discovering new benefits, or finding useful financial apps, you&#039;re in the right place! Explore our website to gain valuable insights and practical tools to improve your financial experience.<\/p>\n<p>Thank you for trusting us with your financial journey!<\/p>","protected":false},"excerpt":{"rendered":"<p>Bem-vindo ao nosso site dedicado a fornecer informa\u00e7\u00f5es detalhadas sobre cart\u00f5es de cr\u00e9dito, seus benef\u00edcios e dicas de aplicativos \u00fateis. Nosso site foi criado em 2024 com o objetivo de ajudar os consumidores a entenderem melhor o mundo dos cart\u00f5es de cr\u00e9dito, explorarem as vantagens oferecidas por diferentes provedores e descobrirem aplicativos inovadores para gerenciar [&hellip;]<\/p>","protected":false},"author":5,"featured_media":0,"parent":0,"menu_order":0,"comment_status":"closed","ping_status":"closed","template":"","meta":{"_acf_changed":false,"footnotes":""},"class_list":["post-910","page","type-page","status-publish","hentry"],"acf":[],"yoast_head":"<!-- This site is optimized with the Yoast SEO plugin v23.4 - https:\/\/yoast.com\/wordpress\/plugins\/seo\/ -->\n<title>Sobre N\u00f3s | Ch\u00e1 Benef\u00edcios<\/title>\n<meta name=\"robots\" content=\"index, follow, max-snippet:-1, max-image-preview:large, max-video-preview:-1\" \/>\n<link rel=\"canonical\" href=\"https:\/\/chabeneficio.com\/en\/sobre-nos\/\" \/>\n<meta property=\"og:locale\" content=\"en_US\" \/>\n<meta property=\"og:type\" content=\"article\" \/>\n<meta property=\"og:title\" content=\"Sobre N\u00f3s | Ch\u00e1 Benef\u00edcios\" \/>\n<meta property=\"og:description\" content=\"Bem-vindo ao nosso site dedicado a fornecer informa\u00e7\u00f5es detalhadas sobre cart\u00f5es de cr\u00e9dito, seus benef\u00edcios e dicas de aplicativos \u00fateis. Nosso site foi criado em 2024 com o objetivo de ajudar os consumidores a entenderem melhor o mundo dos cart\u00f5es de cr\u00e9dito, explorarem as vantagens oferecidas por diferentes provedores e descobrirem aplicativos inovadores para gerenciar [&hellip;]\" \/>\n<meta property=\"og:url\" content=\"https:\/\/chabeneficio.com\/en\/sobre-nos\/\" \/>\n<meta property=\"og:site_name\" content=\"Ch\u00e1 Benef\u00edcios\" \/>\n<meta property=\"article:modified_time\" content=\"2024-04-04T09:44:58+00:00\" \/>\n<meta name=\"twitter:card\" content=\"summary_large_image\" \/>\n<meta name=\"twitter:label1\" content=\"Est. reading time\" \/>\n\t<meta name=\"twitter:data1\" content=\"2 minutes\" \/>\n<script type=\"application\/ld+json\" class=\"yoast-schema-graph\">{\"@context\":\"https:\/\/schema.org\",\"@graph\":[{\"@type\":\"WebPage\",\"@id\":\"https:\/\/chabeneficio.com\/sobre-nos\/\",\"url\":\"https:\/\/chabeneficio.com\/sobre-nos\/\",\"name\":\"Sobre N\u00f3s | Ch\u00e1 Benef\u00edcios\",\"isPartOf\":{\"@id\":\"https:\/\/chabeneficio.com\/#website\"},\"datePublished\":\"2024-03-29T23:34:24+00:00\",\"dateModified\":\"2024-04-04T09:44:58+00:00\",\"breadcrumb\":{\"@id\":\"https:\/\/chabeneficio.com\/sobre-nos\/#breadcrumb\"},\"inLanguage\":\"en-US\",\"potentialAction\":[{\"@type\":\"ReadAction\",\"target\":[\"https:\/\/chabeneficio.com\/sobre-nos\/\"]}]},{\"@type\":\"BreadcrumbList\",\"@id\":\"https:\/\/chabeneficio.com\/sobre-nos\/#breadcrumb\",\"itemListElement\":[{\"@type\":\"ListItem\",\"position\":1,\"name\":\"In\u00edcio\",\"item\":\"https:\/\/chabeneficio.com\/\"},{\"@type\":\"ListItem\",\"position\":2,\"name\":\"Sobre N\u00f3s\"}]},{\"@type\":\"WebSite\",\"@id\":\"https:\/\/chabeneficio.com\/#website\",\"url\":\"https:\/\/chabeneficio.com\/\",\"name\":\"Ch\u00e1 Benef\u00edcios\",\"description\":\"Benef\u00edcios dos Ch\u00e1s, Receitas e Tratamentos!\",\"publisher\":{\"@id\":\"https:\/\/chabeneficio.com\/#organization\"},\"potentialAction\":[{\"@type\":\"SearchAction\",\"target\":{\"@type\":\"EntryPoint\",\"urlTemplate\":\"https:\/\/chabeneficio.com\/?s={search_term_string}\"},\"query-input\":{\"@type\":\"PropertyValueSpecification\",\"valueRequired\":true,\"valueName\":\"search_term_string\"}}],\"inLanguage\":\"en-US\"},{\"@type\":\"Organization\",\"@id\":\"https:\/\/chabeneficio.com\/#organization\",\"name\":\"Ch\u00e1 Benef\u00edcios\",\"url\":\"https:\/\/chabeneficio.com\/\",\"logo\":{\"@type\":\"ImageObject\",\"inLanguage\":\"en-US\",\"@id\":\"https:\/\/chabeneficio.com\/#\/schema\/logo\/image\/\",\"url\":\"https:\/\/chabeneficio.com\/wp-content\/uploads\/2018\/03\/Ch\u00e1-Benef\u00edcos.png\",\"contentUrl\":\"https:\/\/chabeneficio.com\/wp-content\/uploads\/2018\/03\/Ch\u00e1-Benef\u00edcos.png\",\"width\":1281,\"height\":1281,\"caption\":\"Ch\u00e1 Benef\u00edcios\"},\"image\":{\"@id\":\"https:\/\/chabeneficio.com\/#\/schema\/logo\/image\/\"}}]}<\/script>\n<!-- \/ Yoast SEO plugin. -->","yoast_head_json":{"title":"Sobre N\u00f3s | Ch\u00e1 Benef\u00edcios","robots":{"index":"index","follow":"follow","max-snippet":"max-snippet:-1","max-image-preview":"max-image-preview:large","max-video-preview":"max-video-preview:-1"},"canonical":"https:\/\/chabeneficio.com\/en\/sobre-nos\/","og_locale":"en_US","og_type":"article","og_title":"Sobre N\u00f3s | Ch\u00e1 Benef\u00edcios","og_description":"Bem-vindo ao nosso site dedicado a fornecer informa\u00e7\u00f5es detalhadas sobre cart\u00f5es de cr\u00e9dito, seus benef\u00edcios e dicas de aplicativos \u00fateis. Nosso site foi criado em 2024 com o objetivo de ajudar os consumidores a entenderem melhor o mundo dos cart\u00f5es de cr\u00e9dito, explorarem as vantagens oferecidas por diferentes provedores e descobrirem aplicativos inovadores para gerenciar [&hellip;]","og_url":"https:\/\/chabeneficio.com\/en\/sobre-nos\/","og_site_name":"Ch\u00e1 Benef\u00edcios","article_modified_time":"2024-04-04T09:44:58+00:00","twitter_card":"summary_large_image","twitter_misc":{"Est. reading time":"2 minutes"},"schema":{"@context":"https:\/\/schema.org","@graph":[{"@type":"WebPage","@id":"https:\/\/chabeneficio.com\/sobre-nos\/","url":"https:\/\/chabeneficio.com\/sobre-nos\/","name":"Sobre N\u00f3s | Ch\u00e1 Benef\u00edcios","isPartOf":{"@id":"https:\/\/chabeneficio.com\/#website"},"datePublished":"2024-03-29T23:34:24+00:00","dateModified":"2024-04-04T09:44:58+00:00","breadcrumb":{"@id":"https:\/\/chabeneficio.com\/sobre-nos\/#breadcrumb"},"inLanguage":"en-US","potentialAction":[{"@type":"ReadAction","target":["https:\/\/chabeneficio.com\/sobre-nos\/"]}]},{"@type":"BreadcrumbList","@id":"https:\/\/chabeneficio.com\/sobre-nos\/#breadcrumb","itemListElement":[{"@type":"ListItem","position":1,"name":"In\u00edcio","item":"https:\/\/chabeneficio.com\/"},{"@type":"ListItem","position":2,"name":"Sobre N\u00f3s"}]},{"@type":"WebSite","@id":"https:\/\/chabeneficio.com\/#website","url":"https:\/\/chabeneficio.com\/","name":"Ch\u00e1 Benef\u00edcios","description":"Benef\u00edcios dos Ch\u00e1s, Receitas e Tratamentos!","publisher":{"@id":"https:\/\/chabeneficio.com\/#organization"},"potentialAction":[{"@type":"SearchAction","target":{"@type":"EntryPoint","urlTemplate":"https:\/\/chabeneficio.com\/?s={search_term_string}"},"query-input":{"@type":"PropertyValueSpecification","valueRequired":true,"valueName":"search_term_string"}}],"inLanguage":"en-US"},{"@type":"Organization","@id":"https:\/\/chabeneficio.com\/#organization","name":"Ch\u00e1 Benef\u00edcios","url":"https:\/\/chabeneficio.com\/","logo":{"@type":"ImageObject","inLanguage":"en-US","@id":"https:\/\/chabeneficio.com\/#\/schema\/logo\/image\/","url":"https:\/\/chabeneficio.com\/wp-content\/uploads\/2018\/03\/Ch\u00e1-Benef\u00edcos.png","contentUrl":"https:\/\/chabeneficio.com\/wp-content\/uploads\/2018\/03\/Ch\u00e1-Benef\u00edcos.png","width":1281,"height":1281,"caption":"Ch\u00e1 Benef\u00edcios"},"image":{"@id":"https:\/\/chabeneficio.com\/#\/schema\/logo\/image\/"}}]}},"jetpack_sharing_enabled":true,"_links":{"self":[{"href":"https:\/\/chabeneficio.com\/en\/wp-json\/wp\/v2\/pages\/910"}],"collection":[{"href":"https:\/\/chabeneficio.com\/en\/wp-json\/wp\/v2\/pages"}],"about":[{"href":"https:\/\/chabeneficio.com\/en\/wp-json\/wp\/v2\/types\/page"}],"author":[{"embeddable":true,"href":"https:\/\/chabeneficio.com\/en\/wp-json\/wp\/v2\/users\/5"}],"replies":[{"embeddable":true,"href":"https:\/\/chabeneficio.com\/en\/wp-json\/wp\/v2\/comments?post=910"}],"version-history":[{"count":2,"href":"https:\/\/chabeneficio.com\/en\/wp-json\/wp\/v2\/pages\/910\/revisions"}],"predecessor-version":[{"id":948,"href":"https:\/\/chabeneficio.com\/en\/wp-json\/wp\/v2\/pages\/910\/revisions\/948"}],"wp:attachment":[{"href":"https:\/\/chabeneficio.com\/en\/wp-json\/wp\/v2\/media?parent=910"}],"curies":[{"name":"wp","href":"https:\/\/api.w.org\/{rel}","templated":true}]}}