{"id":822,"date":"2024-03-18T00:10:20","date_gmt":"2024-03-18T03:10:20","guid":{"rendered":"https:\/\/chabeneficio.com\/?page_id=822"},"modified":"2024-04-04T06:44:30","modified_gmt":"2024-04-04T09:44:30","slug":"aviso-legal","status":"publish","type":"page","link":"https:\/\/chabeneficio.com\/en\/aviso-legal\/","title":{"rendered":"Legal Notice"},"content":{"rendered":"<p>Through our blog, users have access to updated information about relevant content in the application niche, social benefits and finances, but we highlight that all content covered here is for informational purposes only, based on what is already public knowledge, that is, It is not privileged information or promise of any services shown here. Therefore, Ch\u00e1 Beneficio, a GS MEDIA website, does not assume obligations of third parties that may be mentioned in our articles.<\/p><div class=\"banner banner--content banner--content--full\"><script async src=\"https:\/\/pagead2.googlesyndication.com\/pagead\/js\/adsbygoogle.js?client=ca-pub-8541928713205557\"\n     crossorigin=\"anonymous\"><\/script>\n<!-- ad-top-p -->\n<ins class=\"adsbygoogle\"\n     style=\"display:block\"\n     data-ad-client=\"ca-pub-8541928713205557\"\n     data-ad-slot=\"3264867050\"\n     data-ad-format=\"auto\"\n     data-full-width-responsive=\"true\"><\/ins>\n<script>\n     (adsbygoogle = window.adsbygoogle || []).push({});\n<\/script><\/div>\n<p>GS MEDIA LTDA and its related companies are exempt from any liability relating to losses, direct or indirect, resulting from the use of their content.<\/p>\n<p>If you require any more information or have any questions about our website&#039;s disclaimer, please feel free to contact us at contato@seriadornaveia.com.br<\/p>\n<div id=\"ez-toc-container\" class=\"ez-toc-v2_0_69_1 counter-hierarchy ez-toc-counter ez-toc-grey ez-toc-container-direction\">\n<div class=\"ez-toc-title-container\">\n<p class=\"ez-toc-title\" >Conte&uacute;do:<\/p>\n<span class=\"ez-toc-title-toggle\"><a href=\"#\" class=\"ez-toc-pull-right ez-toc-btn ez-toc-btn-xs ez-toc-btn-default ez-toc-toggle\" aria-label=\"Toggle Table of Content\"><span class=\"ez-toc-js-icon-con\"><span class=\"\"><span class=\"eztoc-hide\" style=\"display:none;\">Toggle<\/span><span class=\"ez-toc-icon-toggle-span\"><svg style=\"fill: #999;color:#999\" xmlns=\"http:\/\/www.w3.org\/2000\/svg\" class=\"list-377408\" width=\"20px\" height=\"20px\" viewbox=\"0 0 24 24\" fill=\"none\"><path d=\"M6 6H4v2h2V6zm14 0H8v2h12V6zM4 11h2v2H4v-2zm16 0H8v2h12v-2zM4 16h2v2H4v-2zm16 0H8v2h12v-2z\" fill=\"currentColor\"><\/path><\/svg><svg style=\"fill: #999;color:#999\" class=\"arrow-unsorted-368013\" xmlns=\"http:\/\/www.w3.org\/2000\/svg\" width=\"10px\" height=\"10px\" viewbox=\"0 0 24 24\" version=\"1.2\" baseprofile=\"tiny\"><path d=\"M18.2 9.3l-6.2-6.3-6.2 6.3c-.2.2-.3.4-.3.7s.1.5.3.7c.2.2.4.3.7.3h11c.3 0 .5-.1.7-.3.2-.2.3-.5.3-.7s-.1-.5-.3-.7zM5.8 14.7l6.2 6.3 6.2-6.3c.2-.2.3-.5.3-.7s-.1-.5-.3-.7c-.2-.2-.4-.3-.7-.3h-11c-.3 0-.5.1-.7.3-.2.2-.3.5-.3.7s.1.5.3.7z\"\/><\/svg><\/span><\/span><\/span><\/a><\/span><\/div>\n<nav><ul class='ez-toc-list ez-toc-list-level-1' ><li class='ez-toc-page-1 ez-toc-heading-level-2'><a class=\"ez-toc-link ez-toc-heading-1\" href=\"https:\/\/chabeneficio.com\/en\/aviso-legal\/#Isencao_de_responsabilidade_do_Seriador_na_Veia_Tech\" title=\"Exemption from responsibility of the Series Editor at Veia Tech\">Exemption from responsibility of the Series Editor at Veia Tech<\/a><\/li><li class='ez-toc-page-1 ez-toc-heading-level-2'><a class=\"ez-toc-link ez-toc-heading-2\" href=\"https:\/\/chabeneficio.com\/en\/aviso-legal\/#Consentimento\" title=\"Consent\">Consent<\/a><\/li><li class='ez-toc-page-1 ez-toc-heading-level-2'><a class=\"ez-toc-link ez-toc-heading-3\" href=\"https:\/\/chabeneficio.com\/en\/aviso-legal\/#Atualizacoes\" title=\"Updates\">Updates<\/a><\/li><\/ul><\/nav><\/div>\n<h2 class=\"wp-block-heading\"><span class=\"ez-toc-section\" id=\"Isencao_de_responsabilidade_do_Seriador_na_Veia_Tech\"><\/span>Exemption from responsibility of the Series Editor at Veia Tech<span class=\"ez-toc-section-end\"><\/span><\/h2>\n<p>All information contained on this website \u2013 https:\/\/chabeneficio.com\/ \u2013 is published in good faith and for general information purposes only. Ch\u00e1 Beneficio does not make any guarantees about the integrity, reliability and accuracy of this information. Any action you take upon the information you find on this website (Ch\u00e1 Beneficio), is strictly at your own risk. Ch\u00e1 Beneficio is not responsible for any losses and\/or damages related to the use of our website.<\/p>\n<p>From our website, you can visit other websites by following hyperlinks to these external websites. While we strive to provide only quality links to useful and ethical websites, we have no control over the content and nature of these websites. These links to other sites do not imply a recommendation for all content found on those sites. Site owners and content may change without notice and may occur before we have the opportunity to remove a link which may have gone &#039;bad&#039;.<\/p>\n<p>Please be also aware that when you leave our website, other sites may have different privacy policies and terms which are beyond our control. Please be sure to check the Privacy Policies of these sites as well as their \u201cTerms of Service\u201d before engaging in any business or uploading any information.<\/p>\n<h2 class=\"wp-block-heading\"><span class=\"ez-toc-section\" id=\"Consentimento\"><\/span>Consent<span class=\"ez-toc-section-end\"><\/span><\/h2>\n<p>By using our website, you agree to our disclaimer and agree to its terms.<\/p>\n<h2 class=\"wp-block-heading\"><span class=\"ez-toc-section\" id=\"Atualizacoes\"><\/span>Updates<span class=\"ez-toc-section-end\"><\/span><\/h2>\n<p>Should we update, amend or make any changes to this document, those changes will be prominently posted here.<\/p>","protected":false},"excerpt":{"rendered":"<p>Atrav\u00e9s do nosso blog, os usu\u00e1rios t\u00eam acesso a informa\u00e7\u00f5es atualizadas sobre conte\u00fados relevantes do nicho de aplicativos, benef\u00edcios sociais e finan\u00e7as, mas destacamos que todo conte\u00fado tratado aqui, tem fim meramente informativo, baseado no que j\u00e1 \u00e9 de conhecimento p\u00fablico, ou seja, n\u00e3o \u00e9 informa\u00e7\u00e3o privilegiada ou promessa de quaisquer servi\u00e7os aqui mostrado. Com [&hellip;]<\/p>","protected":false},"author":5,"featured_media":0,"parent":0,"menu_order":0,"comment_status":"closed","ping_status":"closed","template":"","meta":{"_acf_changed":false,"footnotes":""},"class_list":["post-822","page","type-page","status-publish","hentry"],"acf":[],"yoast_head":"<!-- This site is optimized with the Yoast SEO plugin v23.4 - https:\/\/yoast.com\/wordpress\/plugins\/seo\/ -->\n<title>Aviso Legal | Ch\u00e1 Benef\u00edcios<\/title>\n<meta name=\"robots\" content=\"index, follow, max-snippet:-1, max-image-preview:large, max-video-preview:-1\" \/>\n<link rel=\"canonical\" href=\"https:\/\/chabeneficio.com\/en\/aviso-legal\/\" \/>\n<meta property=\"og:locale\" content=\"en_US\" \/>\n<meta property=\"og:type\" content=\"article\" \/>\n<meta property=\"og:title\" content=\"Aviso Legal | Ch\u00e1 Benef\u00edcios\" \/>\n<meta property=\"og:description\" content=\"Atrav\u00e9s do nosso blog, os usu\u00e1rios t\u00eam acesso a informa\u00e7\u00f5es atualizadas sobre conte\u00fados relevantes do nicho de aplicativos, benef\u00edcios sociais e finan\u00e7as, mas destacamos que todo conte\u00fado tratado aqui, tem fim meramente informativo, baseado no que j\u00e1 \u00e9 de conhecimento p\u00fablico, ou seja, n\u00e3o \u00e9 informa\u00e7\u00e3o privilegiada ou promessa de quaisquer servi\u00e7os aqui mostrado. Com [&hellip;]\" \/>\n<meta property=\"og:url\" content=\"https:\/\/chabeneficio.com\/en\/aviso-legal\/\" \/>\n<meta property=\"og:site_name\" content=\"Ch\u00e1 Benef\u00edcios\" \/>\n<meta property=\"article:modified_time\" content=\"2024-04-04T09:44:30+00:00\" \/>\n<meta name=\"twitter:card\" content=\"summary_large_image\" \/>\n<meta name=\"twitter:label1\" content=\"Est. reading time\" \/>\n\t<meta name=\"twitter:data1\" content=\"3 minutes\" \/>\n<script type=\"application\/ld+json\" class=\"yoast-schema-graph\">{\"@context\":\"https:\/\/schema.org\",\"@graph\":[{\"@type\":\"WebPage\",\"@id\":\"https:\/\/chabeneficio.com\/aviso-legal\/\",\"url\":\"https:\/\/chabeneficio.com\/aviso-legal\/\",\"name\":\"Aviso Legal | Ch\u00e1 Benef\u00edcios\",\"isPartOf\":{\"@id\":\"https:\/\/chabeneficio.com\/#website\"},\"datePublished\":\"2024-03-18T03:10:20+00:00\",\"dateModified\":\"2024-04-04T09:44:30+00:00\",\"breadcrumb\":{\"@id\":\"https:\/\/chabeneficio.com\/aviso-legal\/#breadcrumb\"},\"inLanguage\":\"en-US\",\"potentialAction\":[{\"@type\":\"ReadAction\",\"target\":[\"https:\/\/chabeneficio.com\/aviso-legal\/\"]}]},{\"@type\":\"BreadcrumbList\",\"@id\":\"https:\/\/chabeneficio.com\/aviso-legal\/#breadcrumb\",\"itemListElement\":[{\"@type\":\"ListItem\",\"position\":1,\"name\":\"In\u00edcio\",\"item\":\"https:\/\/chabeneficio.com\/\"},{\"@type\":\"ListItem\",\"position\":2,\"name\":\"Aviso Legal\"}]},{\"@type\":\"WebSite\",\"@id\":\"https:\/\/chabeneficio.com\/#website\",\"url\":\"https:\/\/chabeneficio.com\/\",\"name\":\"Ch\u00e1 Benef\u00edcios\",\"description\":\"Benef\u00edcios dos Ch\u00e1s, Receitas e Tratamentos!\",\"publisher\":{\"@id\":\"https:\/\/chabeneficio.com\/#organization\"},\"potentialAction\":[{\"@type\":\"SearchAction\",\"target\":{\"@type\":\"EntryPoint\",\"urlTemplate\":\"https:\/\/chabeneficio.com\/?s={search_term_string}\"},\"query-input\":{\"@type\":\"PropertyValueSpecification\",\"valueRequired\":true,\"valueName\":\"search_term_string\"}}],\"inLanguage\":\"en-US\"},{\"@type\":\"Organization\",\"@id\":\"https:\/\/chabeneficio.com\/#organization\",\"name\":\"Ch\u00e1 Benef\u00edcios\",\"url\":\"https:\/\/chabeneficio.com\/\",\"logo\":{\"@type\":\"ImageObject\",\"inLanguage\":\"en-US\",\"@id\":\"https:\/\/chabeneficio.com\/#\/schema\/logo\/image\/\",\"url\":\"https:\/\/chabeneficio.com\/wp-content\/uploads\/2018\/03\/Ch\u00e1-Benef\u00edcos.png\",\"contentUrl\":\"https:\/\/chabeneficio.com\/wp-content\/uploads\/2018\/03\/Ch\u00e1-Benef\u00edcos.png\",\"width\":1281,\"height\":1281,\"caption\":\"Ch\u00e1 Benef\u00edcios\"},\"image\":{\"@id\":\"https:\/\/chabeneficio.com\/#\/schema\/logo\/image\/\"}}]}<\/script>\n<!-- \/ Yoast SEO plugin. -->","yoast_head_json":{"title":"Aviso Legal | Ch\u00e1 Benef\u00edcios","robots":{"index":"index","follow":"follow","max-snippet":"max-snippet:-1","max-image-preview":"max-image-preview:large","max-video-preview":"max-video-preview:-1"},"canonical":"https:\/\/chabeneficio.com\/en\/aviso-legal\/","og_locale":"en_US","og_type":"article","og_title":"Aviso Legal | Ch\u00e1 Benef\u00edcios","og_description":"Atrav\u00e9s do nosso blog, os usu\u00e1rios t\u00eam acesso a informa\u00e7\u00f5es atualizadas sobre conte\u00fados relevantes do nicho de aplicativos, benef\u00edcios sociais e finan\u00e7as, mas destacamos que todo conte\u00fado tratado aqui, tem fim meramente informativo, baseado no que j\u00e1 \u00e9 de conhecimento p\u00fablico, ou seja, n\u00e3o \u00e9 informa\u00e7\u00e3o privilegiada ou promessa de quaisquer servi\u00e7os aqui mostrado. Com [&hellip;]","og_url":"https:\/\/chabeneficio.com\/en\/aviso-legal\/","og_site_name":"Ch\u00e1 Benef\u00edcios","article_modified_time":"2024-04-04T09:44:30+00:00","twitter_card":"summary_large_image","twitter_misc":{"Est. reading time":"3 minutes"},"schema":{"@context":"https:\/\/schema.org","@graph":[{"@type":"WebPage","@id":"https:\/\/chabeneficio.com\/aviso-legal\/","url":"https:\/\/chabeneficio.com\/aviso-legal\/","name":"Aviso Legal | Ch\u00e1 Benef\u00edcios","isPartOf":{"@id":"https:\/\/chabeneficio.com\/#website"},"datePublished":"2024-03-18T03:10:20+00:00","dateModified":"2024-04-04T09:44:30+00:00","breadcrumb":{"@id":"https:\/\/chabeneficio.com\/aviso-legal\/#breadcrumb"},"inLanguage":"en-US","potentialAction":[{"@type":"ReadAction","target":["https:\/\/chabeneficio.com\/aviso-legal\/"]}]},{"@type":"BreadcrumbList","@id":"https:\/\/chabeneficio.com\/aviso-legal\/#breadcrumb","itemListElement":[{"@type":"ListItem","position":1,"name":"In\u00edcio","item":"https:\/\/chabeneficio.com\/"},{"@type":"ListItem","position":2,"name":"Aviso Legal"}]},{"@type":"WebSite","@id":"https:\/\/chabeneficio.com\/#website","url":"https:\/\/chabeneficio.com\/","name":"Ch\u00e1 Benef\u00edcios","description":"Benef\u00edcios dos Ch\u00e1s, Receitas e Tratamentos!","publisher":{"@id":"https:\/\/chabeneficio.com\/#organization"},"potentialAction":[{"@type":"SearchAction","target":{"@type":"EntryPoint","urlTemplate":"https:\/\/chabeneficio.com\/?s={search_term_string}"},"query-input":{"@type":"PropertyValueSpecification","valueRequired":true,"valueName":"search_term_string"}}],"inLanguage":"en-US"},{"@type":"Organization","@id":"https:\/\/chabeneficio.com\/#organization","name":"Ch\u00e1 Benef\u00edcios","url":"https:\/\/chabeneficio.com\/","logo":{"@type":"ImageObject","inLanguage":"en-US","@id":"https:\/\/chabeneficio.com\/#\/schema\/logo\/image\/","url":"https:\/\/chabeneficio.com\/wp-content\/uploads\/2018\/03\/Ch\u00e1-Benef\u00edcos.png","contentUrl":"https:\/\/chabeneficio.com\/wp-content\/uploads\/2018\/03\/Ch\u00e1-Benef\u00edcos.png","width":1281,"height":1281,"caption":"Ch\u00e1 Benef\u00edcios"},"image":{"@id":"https:\/\/chabeneficio.com\/#\/schema\/logo\/image\/"}}]}},"jetpack_sharing_enabled":true,"_links":{"self":[{"href":"https:\/\/chabeneficio.com\/en\/wp-json\/wp\/v2\/pages\/822"}],"collection":[{"href":"https:\/\/chabeneficio.com\/en\/wp-json\/wp\/v2\/pages"}],"about":[{"href":"https:\/\/chabeneficio.com\/en\/wp-json\/wp\/v2\/types\/page"}],"author":[{"embeddable":true,"href":"https:\/\/chabeneficio.com\/en\/wp-json\/wp\/v2\/users\/5"}],"replies":[{"embeddable":true,"href":"https:\/\/chabeneficio.com\/en\/wp-json\/wp\/v2\/comments?post=822"}],"version-history":[{"count":3,"href":"https:\/\/chabeneficio.com\/en\/wp-json\/wp\/v2\/pages\/822\/revisions"}],"predecessor-version":[{"id":946,"href":"https:\/\/chabeneficio.com\/en\/wp-json\/wp\/v2\/pages\/822\/revisions\/946"}],"wp:attachment":[{"href":"https:\/\/chabeneficio.com\/en\/wp-json\/wp\/v2\/media?parent=822"}],"curies":[{"name":"wp","href":"https:\/\/api.w.org\/{rel}","templated":true}]}}