{"id":818,"date":"2024-03-18T00:08:10","date_gmt":"2024-03-18T03:08:10","guid":{"rendered":"https:\/\/chabeneficio.com\/?page_id=818"},"modified":"2024-04-04T06:45:22","modified_gmt":"2024-04-04T09:45:22","slug":"termos-de-uso","status":"publish","type":"page","link":"https:\/\/chabeneficio.com\/en\/termos-de-uso\/","title":{"rendered":"Terms of use"},"content":{"rendered":"<div id=\"ez-toc-container\" class=\"ez-toc-v2_0_69_1 counter-hierarchy ez-toc-counter ez-toc-grey ez-toc-container-direction\">\n<div class=\"ez-toc-title-container\">\n<p class=\"ez-toc-title\" >Conte&uacute;do:<\/p>\n<span class=\"ez-toc-title-toggle\"><a href=\"#\" class=\"ez-toc-pull-right ez-toc-btn ez-toc-btn-xs ez-toc-btn-default ez-toc-toggle\" aria-label=\"Toggle Table of Content\"><span class=\"ez-toc-js-icon-con\"><span class=\"\"><span class=\"eztoc-hide\" style=\"display:none;\">Toggle<\/span><span class=\"ez-toc-icon-toggle-span\"><svg style=\"fill: #999;color:#999\" xmlns=\"http:\/\/www.w3.org\/2000\/svg\" class=\"list-377408\" width=\"20px\" height=\"20px\" viewbox=\"0 0 24 24\" fill=\"none\"><path d=\"M6 6H4v2h2V6zm14 0H8v2h12V6zM4 11h2v2H4v-2zm16 0H8v2h12v-2zM4 16h2v2H4v-2zm16 0H8v2h12v-2z\" fill=\"currentColor\"><\/path><\/svg><svg style=\"fill: #999;color:#999\" class=\"arrow-unsorted-368013\" xmlns=\"http:\/\/www.w3.org\/2000\/svg\" width=\"10px\" height=\"10px\" viewbox=\"0 0 24 24\" version=\"1.2\" baseprofile=\"tiny\"><path d=\"M18.2 9.3l-6.2-6.3-6.2 6.3c-.2.2-.3.4-.3.7s.1.5.3.7c.2.2.4.3.7.3h11c.3 0 .5-.1.7-.3.2-.2.3-.5.3-.7s-.1-.5-.3-.7zM5.8 14.7l6.2 6.3 6.2-6.3c.2-.2.3-.5.3-.7s-.1-.5-.3-.7c-.2-.2-.4-.3-.7-.3h-11c-.3 0-.5.1-.7.3-.2.2-.3.5-.3.7s.1.5.3.7z\"\/><\/svg><\/span><\/span><\/span><\/a><\/span><\/div>\n<nav><ul class='ez-toc-list ez-toc-list-level-1' ><li class='ez-toc-page-1 ez-toc-heading-level-2'><a class=\"ez-toc-link ez-toc-heading-1\" href=\"https:\/\/chabeneficio.com\/en\/termos-de-uso\/#1_Termos\" title=\"1. Terms\">1. Terms<\/a><\/li><li class='ez-toc-page-1 ez-toc-heading-level-2'><a class=\"ez-toc-link ez-toc-heading-2\" href=\"https:\/\/chabeneficio.com\/en\/termos-de-uso\/#2_Uso_de_Licenca\" title=\"2. License Use\">2. License Use<\/a><\/li><li class='ez-toc-page-1 ez-toc-heading-level-2'><a class=\"ez-toc-link ez-toc-heading-3\" href=\"https:\/\/chabeneficio.com\/en\/termos-de-uso\/#3_Isencao_de_responsabilidade\" title=\"3. Disclaimer\">3. Disclaimer<\/a><\/li><li class='ez-toc-page-1 ez-toc-heading-level-2'><a class=\"ez-toc-link ez-toc-heading-4\" href=\"https:\/\/chabeneficio.com\/en\/termos-de-uso\/#4_Limitacoes\" title=\"4. Limitations\">4. Limitations<\/a><\/li><li class='ez-toc-page-1 ez-toc-heading-level-2'><a class=\"ez-toc-link ez-toc-heading-5\" href=\"https:\/\/chabeneficio.com\/en\/termos-de-uso\/#5_Precisao_dos_materiais\" title=\"5. Precision of materials\">5. Precision of materials<\/a><\/li><li class='ez-toc-page-1 ez-toc-heading-level-2'><a class=\"ez-toc-link ez-toc-heading-6\" href=\"https:\/\/chabeneficio.com\/en\/termos-de-uso\/#6_Links\" title=\"6. Links\">6. Links<\/a><\/li><\/ul><\/nav><\/div>\n<h2 class=\"wp-block-heading\"><span class=\"ez-toc-section\" id=\"1_Termos\"><\/span><strong>1. Terms<\/strong><span class=\"ez-toc-section-end\"><\/span><\/h2>\r\n\r\n\r\n\r\n<p>By accessing the Ch\u00e1 Beneficio website, you agree to be bound by these terms of service, all applicable laws and regulations, and agree that you are responsible for compliance with any applicable local laws. If you do not agree with any of these terms, you are prohibited from using or accessing this site. The materials contained in this site are protected by applicable copyright and trademark laws.<\/p><div class=\"banner banner--content banner--content--full\"><script async src=\"https:\/\/pagead2.googlesyndication.com\/pagead\/js\/adsbygoogle.js?client=ca-pub-8541928713205557\"\n     crossorigin=\"anonymous\"><\/script>\n<!-- ad-top-p -->\n<ins class=\"adsbygoogle\"\n     style=\"display:block\"\n     data-ad-client=\"ca-pub-8541928713205557\"\n     data-ad-slot=\"3264867050\"\n     data-ad-format=\"auto\"\n     data-full-width-responsive=\"true\"><\/ins>\n<script>\n     (adsbygoogle = window.adsbygoogle || []).push({});\n<\/script><\/div>\r\n\r\n\r\n\r\n<h2 class=\"wp-block-heading\"><span class=\"ez-toc-section\" id=\"2_Uso_de_Licenca\"><\/span><strong>2. License Use<\/strong><span class=\"ez-toc-section-end\"><\/span><\/h2>\r\n\r\n\r\n\r\n<p>Permission is granted to temporarily download one copy of the materials (information or software) on Ch\u00e1 Beneficio&#039;s website for personal, non-commercial transitory viewing only. This is the grant of a license, not a transfer of title, and under this license you may not:<\/p>\r\n\r\n\r\n\r\n<ol class=\"wp-block-list\">\r\n<li>modify or copy the materials;<\/li>\r\n\r\n\r\n\r\n<li>use the materials for any commercial purpose or for public display (commercial or non-commercial);<\/li>\r\n\r\n\r\n\r\n<li>attempt to decompile or reverse engineer any software contained on O Seriador Tech&#039;s website;<\/li>\r\n\r\n\r\n\r\n<li>remove any copyright or other proprietary notations from the materials; or<\/li>\r\n\r\n\r\n\r\n<li>transfer the materials to another person or &#039;mirror&#039; the materials on any other server.<\/li>\r\n<\/ol>\r\n\r\n\r\n\r\n<p>This license shall automatically terminate if you violate any of these restrictions and may be terminated by Ch\u00e1 Beneficio at any time. Upon terminating your viewing of these materials or upon the termination of this license, you must delete any downloaded materials in your possession whether in electronic or printed format.<\/p>\r\n\r\n\r\n\r\n<h2 class=\"wp-block-heading\"><span class=\"ez-toc-section\" id=\"3_Isencao_de_responsabilidade\"><\/span><strong>3. Disclaimer<\/strong><span class=\"ez-toc-section-end\"><\/span><\/h2>\r\n\r\n\r\n\r\n<ol class=\"wp-block-list\">\r\n<li>The materials on O Seriador Tech&#039;s website are provided on an &#039;as is&#039; basis. Seriador Tech makes no warranties, expressed or implied, and hereby disclaims and negates all other warranties, including, without limitation, implied warranties or conditions of merchantability, fitness for a particular purpose, or non-infringement of intellectual property or other violation of rights.<\/li>\r\n\r\n\r\n\r\n<li>Further, O Seriador Tech does not warrant or make any representations concerning the accuracy, likely results, or reliability of the use of the materials on its website or otherwise relating to such materials or on any sites linked to this site.<\/li>\r\n<\/ol>\r\n\r\n\r\n\r\n<h2 class=\"wp-block-heading\"><span class=\"ez-toc-section\" id=\"4_Limitacoes\"><\/span><strong>4. Limitations<\/strong><span class=\"ez-toc-section-end\"><\/span><\/h2>\r\n\r\n\r\n\r\n<p>In no event shall O Seriador Tech or its suppliers be liable for any damages (including, without limitation, damages for loss of data or profit, or due to business interruption) arising out of the use or inability to use the materials on O Seriador&#039;s website. Tech, even if O Seriador Tech or an O Seriador Tech authorized representative has been notified orally or in writing of the possibility of such damage. Because some jurisdictions do not allow limitations on implied warranties, or limitations of liability for consequential or incidental damages, these limitations may not apply to you.<\/p>\r\n\r\n\r\n\r\n<h2 class=\"wp-block-heading\"><span class=\"ez-toc-section\" id=\"5_Precisao_dos_materiais\"><\/span><strong>5. Precision of materials<\/strong><span class=\"ez-toc-section-end\"><\/span><\/h2>\r\n\r\n\r\n\r\n<p>The materials appearing on O Seriador Tech&#039;s website could include technical, typographical, or photographic errors. Seriador Tech does not guarantee that any materials on its website are accurate, complete or current. Seriador Tech may make changes to the materials contained on its website at any time without notice. However O Seriador Tech does not make any commitment to update the materials.<\/p>\r\n\r\n\r\n\r\n<h2 class=\"wp-block-heading\"><span class=\"ez-toc-section\" id=\"6_Links\"><\/span><strong>6. Links<\/strong><span class=\"ez-toc-section-end\"><\/span><\/h2>\r\n\r\n\r\n\r\n<p>OO Seriador Tech has not reviewed all of the sites linked to its website and is not responsible for the contents of any linked site. The inclusion of any link does not imply endorsement by O Seriador Tech of the site. Use of any linked site is at the user&#039;s own risk.<\/p>\r\n\r\n\r\n\r\n<h3 class=\"wp-block-heading\"><strong>Modifications<\/strong><\/h3>\r\n\r\n\r\n\r\n<p>OO Seriador Tech may revise these terms of service for its website at any time without notice. By using this website, you are agreeing to be bound by the current version of these terms of service.<\/p>\r\n\r\n\r\n\r\n<h3 class=\"wp-block-heading\"><strong>Applicable law<\/strong><\/h3>\r\n\r\n\r\n\r\n<p>These terms and conditions are governed by and construed in accordance with the laws of Ch\u00e1 Beneficio and you irrevocably submit to the exclusive jurisdiction of the courts in that State or location.<\/p>\r\n\r\n\r\n\r\n<p>Last updated: 10\/08\/2023.<\/p>\r\n\r\n\r\n\r\n<p>Benefit Tea<\/p>","protected":false},"excerpt":{"rendered":"<p>1. Termos Ao acessar ao site Ch\u00e1 Beneficio , concorda em cumprir estes termos de servi\u00e7o, todas as leis e regulamentos aplic\u00e1veis \u200b\u200be concorda que \u00e9 respons\u00e1vel pelo cumprimento de todas as leis locais aplic\u00e1veis. Se voc\u00ea n\u00e3o concordar com algum desses termos, est\u00e1 proibido de usar ou acessar este site. Os materiais contidos neste [&hellip;]<\/p>","protected":false},"author":5,"featured_media":0,"parent":0,"menu_order":0,"comment_status":"closed","ping_status":"closed","template":"","meta":{"_acf_changed":false,"footnotes":""},"class_list":["post-818","page","type-page","status-publish","hentry"],"acf":[],"yoast_head":"<!-- This site is optimized with the Yoast SEO plugin v23.4 - https:\/\/yoast.com\/wordpress\/plugins\/seo\/ -->\n<title>Termos de uso | Ch\u00e1 Benef\u00edcios<\/title>\n<meta name=\"robots\" content=\"index, follow, max-snippet:-1, max-image-preview:large, max-video-preview:-1\" \/>\n<link rel=\"canonical\" href=\"https:\/\/chabeneficio.com\/en\/termos-de-uso\/\" \/>\n<meta property=\"og:locale\" content=\"en_US\" \/>\n<meta property=\"og:type\" content=\"article\" \/>\n<meta property=\"og:title\" content=\"Termos de uso | Ch\u00e1 Benef\u00edcios\" \/>\n<meta property=\"og:description\" content=\"1. Termos Ao acessar ao site Ch\u00e1 Beneficio , concorda em cumprir estes termos de servi\u00e7o, todas as leis e regulamentos aplic\u00e1veis \u200b\u200be concorda que \u00e9 respons\u00e1vel pelo cumprimento de todas as leis locais aplic\u00e1veis. Se voc\u00ea n\u00e3o concordar com algum desses termos, est\u00e1 proibido de usar ou acessar este site. Os materiais contidos neste [&hellip;]\" \/>\n<meta property=\"og:url\" content=\"https:\/\/chabeneficio.com\/en\/termos-de-uso\/\" \/>\n<meta property=\"og:site_name\" content=\"Ch\u00e1 Benef\u00edcios\" \/>\n<meta property=\"article:modified_time\" content=\"2024-04-04T09:45:22+00:00\" \/>\n<meta name=\"twitter:card\" content=\"summary_large_image\" \/>\n<meta name=\"twitter:label1\" content=\"Est. reading time\" \/>\n\t<meta name=\"twitter:data1\" content=\"4 minutes\" \/>\n<script type=\"application\/ld+json\" class=\"yoast-schema-graph\">{\"@context\":\"https:\/\/schema.org\",\"@graph\":[{\"@type\":\"WebPage\",\"@id\":\"https:\/\/chabeneficio.com\/termos-de-uso\/\",\"url\":\"https:\/\/chabeneficio.com\/termos-de-uso\/\",\"name\":\"Termos de uso | Ch\u00e1 Benef\u00edcios\",\"isPartOf\":{\"@id\":\"https:\/\/chabeneficio.com\/#website\"},\"datePublished\":\"2024-03-18T03:08:10+00:00\",\"dateModified\":\"2024-04-04T09:45:22+00:00\",\"breadcrumb\":{\"@id\":\"https:\/\/chabeneficio.com\/termos-de-uso\/#breadcrumb\"},\"inLanguage\":\"en-US\",\"potentialAction\":[{\"@type\":\"ReadAction\",\"target\":[\"https:\/\/chabeneficio.com\/termos-de-uso\/\"]}]},{\"@type\":\"BreadcrumbList\",\"@id\":\"https:\/\/chabeneficio.com\/termos-de-uso\/#breadcrumb\",\"itemListElement\":[{\"@type\":\"ListItem\",\"position\":1,\"name\":\"In\u00edcio\",\"item\":\"https:\/\/chabeneficio.com\/\"},{\"@type\":\"ListItem\",\"position\":2,\"name\":\"Termos de uso\"}]},{\"@type\":\"WebSite\",\"@id\":\"https:\/\/chabeneficio.com\/#website\",\"url\":\"https:\/\/chabeneficio.com\/\",\"name\":\"Ch\u00e1 Benef\u00edcios\",\"description\":\"Benef\u00edcios dos Ch\u00e1s, Receitas e Tratamentos!\",\"publisher\":{\"@id\":\"https:\/\/chabeneficio.com\/#organization\"},\"potentialAction\":[{\"@type\":\"SearchAction\",\"target\":{\"@type\":\"EntryPoint\",\"urlTemplate\":\"https:\/\/chabeneficio.com\/?s={search_term_string}\"},\"query-input\":{\"@type\":\"PropertyValueSpecification\",\"valueRequired\":true,\"valueName\":\"search_term_string\"}}],\"inLanguage\":\"en-US\"},{\"@type\":\"Organization\",\"@id\":\"https:\/\/chabeneficio.com\/#organization\",\"name\":\"Ch\u00e1 Benef\u00edcios\",\"url\":\"https:\/\/chabeneficio.com\/\",\"logo\":{\"@type\":\"ImageObject\",\"inLanguage\":\"en-US\",\"@id\":\"https:\/\/chabeneficio.com\/#\/schema\/logo\/image\/\",\"url\":\"https:\/\/chabeneficio.com\/wp-content\/uploads\/2018\/03\/Ch\u00e1-Benef\u00edcos.png\",\"contentUrl\":\"https:\/\/chabeneficio.com\/wp-content\/uploads\/2018\/03\/Ch\u00e1-Benef\u00edcos.png\",\"width\":1281,\"height\":1281,\"caption\":\"Ch\u00e1 Benef\u00edcios\"},\"image\":{\"@id\":\"https:\/\/chabeneficio.com\/#\/schema\/logo\/image\/\"}}]}<\/script>\n<!-- \/ Yoast SEO plugin. -->","yoast_head_json":{"title":"Termos de uso | Ch\u00e1 Benef\u00edcios","robots":{"index":"index","follow":"follow","max-snippet":"max-snippet:-1","max-image-preview":"max-image-preview:large","max-video-preview":"max-video-preview:-1"},"canonical":"https:\/\/chabeneficio.com\/en\/termos-de-uso\/","og_locale":"en_US","og_type":"article","og_title":"Termos de uso | Ch\u00e1 Benef\u00edcios","og_description":"1. Termos Ao acessar ao site Ch\u00e1 Beneficio , concorda em cumprir estes termos de servi\u00e7o, todas as leis e regulamentos aplic\u00e1veis \u200b\u200be concorda que \u00e9 respons\u00e1vel pelo cumprimento de todas as leis locais aplic\u00e1veis. Se voc\u00ea n\u00e3o concordar com algum desses termos, est\u00e1 proibido de usar ou acessar este site. Os materiais contidos neste [&hellip;]","og_url":"https:\/\/chabeneficio.com\/en\/termos-de-uso\/","og_site_name":"Ch\u00e1 Benef\u00edcios","article_modified_time":"2024-04-04T09:45:22+00:00","twitter_card":"summary_large_image","twitter_misc":{"Est. reading time":"4 minutes"},"schema":{"@context":"https:\/\/schema.org","@graph":[{"@type":"WebPage","@id":"https:\/\/chabeneficio.com\/termos-de-uso\/","url":"https:\/\/chabeneficio.com\/termos-de-uso\/","name":"Termos de uso | Ch\u00e1 Benef\u00edcios","isPartOf":{"@id":"https:\/\/chabeneficio.com\/#website"},"datePublished":"2024-03-18T03:08:10+00:00","dateModified":"2024-04-04T09:45:22+00:00","breadcrumb":{"@id":"https:\/\/chabeneficio.com\/termos-de-uso\/#breadcrumb"},"inLanguage":"en-US","potentialAction":[{"@type":"ReadAction","target":["https:\/\/chabeneficio.com\/termos-de-uso\/"]}]},{"@type":"BreadcrumbList","@id":"https:\/\/chabeneficio.com\/termos-de-uso\/#breadcrumb","itemListElement":[{"@type":"ListItem","position":1,"name":"In\u00edcio","item":"https:\/\/chabeneficio.com\/"},{"@type":"ListItem","position":2,"name":"Termos de uso"}]},{"@type":"WebSite","@id":"https:\/\/chabeneficio.com\/#website","url":"https:\/\/chabeneficio.com\/","name":"Ch\u00e1 Benef\u00edcios","description":"Benef\u00edcios dos Ch\u00e1s, Receitas e Tratamentos!","publisher":{"@id":"https:\/\/chabeneficio.com\/#organization"},"potentialAction":[{"@type":"SearchAction","target":{"@type":"EntryPoint","urlTemplate":"https:\/\/chabeneficio.com\/?s={search_term_string}"},"query-input":{"@type":"PropertyValueSpecification","valueRequired":true,"valueName":"search_term_string"}}],"inLanguage":"en-US"},{"@type":"Organization","@id":"https:\/\/chabeneficio.com\/#organization","name":"Ch\u00e1 Benef\u00edcios","url":"https:\/\/chabeneficio.com\/","logo":{"@type":"ImageObject","inLanguage":"en-US","@id":"https:\/\/chabeneficio.com\/#\/schema\/logo\/image\/","url":"https:\/\/chabeneficio.com\/wp-content\/uploads\/2018\/03\/Ch\u00e1-Benef\u00edcos.png","contentUrl":"https:\/\/chabeneficio.com\/wp-content\/uploads\/2018\/03\/Ch\u00e1-Benef\u00edcos.png","width":1281,"height":1281,"caption":"Ch\u00e1 Benef\u00edcios"},"image":{"@id":"https:\/\/chabeneficio.com\/#\/schema\/logo\/image\/"}}]}},"jetpack_sharing_enabled":true,"_links":{"self":[{"href":"https:\/\/chabeneficio.com\/en\/wp-json\/wp\/v2\/pages\/818"}],"collection":[{"href":"https:\/\/chabeneficio.com\/en\/wp-json\/wp\/v2\/pages"}],"about":[{"href":"https:\/\/chabeneficio.com\/en\/wp-json\/wp\/v2\/types\/page"}],"author":[{"embeddable":true,"href":"https:\/\/chabeneficio.com\/en\/wp-json\/wp\/v2\/users\/5"}],"replies":[{"embeddable":true,"href":"https:\/\/chabeneficio.com\/en\/wp-json\/wp\/v2\/comments?post=818"}],"version-history":[{"count":3,"href":"https:\/\/chabeneficio.com\/en\/wp-json\/wp\/v2\/pages\/818\/revisions"}],"predecessor-version":[{"id":949,"href":"https:\/\/chabeneficio.com\/en\/wp-json\/wp\/v2\/pages\/818\/revisions\/949"}],"wp:attachment":[{"href":"https:\/\/chabeneficio.com\/en\/wp-json\/wp\/v2\/media?parent=818"}],"curies":[{"name":"wp","href":"https:\/\/api.w.org\/{rel}","templated":true}]}}