{"id":910,"date":"2024-03-29T20:34:24","date_gmt":"2024-03-29T23:34:24","guid":{"rendered":"https:\/\/chabeneficio.com\/?page_id=910"},"modified":"2024-04-04T06:44:58","modified_gmt":"2024-04-04T09:44:58","slug":"sobre-nos","status":"publish","type":"page","link":"https:\/\/chabeneficio.com\/de\/sobre-nos\/","title":{"rendered":"\u00dcber uns"},"content":{"rendered":"<p>Willkommen auf unserer Website mit detaillierten Informationen zu Kreditkarten, ihren Vorteilen und n\u00fctzlichen Anwendungstipps. Unsere Website wurde 2024 mit dem Ziel erstellt, Verbrauchern zu helfen, die Welt der Kreditkarten besser zu verstehen, die Vorteile verschiedener Anbieter zu erkunden und innovative Anwendungen zu entdecken, mit denen sie ihre Finanzen effizienter verwalten k\u00f6nnen.<\/p><div class=\"banner banner--content banner--content--full\"><script async src=\"https:\/\/pagead2.googlesyndication.com\/pagead\/js\/adsbygoogle.js?client=ca-pub-8541928713205557\"\n     crossorigin=\"anonymous\"><\/script>\n<!-- ad-top-p -->\n<ins class=\"adsbygoogle\"\n     style=\"display:block\"\n     data-ad-client=\"ca-pub-8541928713205557\"\n     data-ad-slot=\"3264867050\"\n     data-ad-format=\"auto\"\n     data-full-width-responsive=\"true\"><\/ins>\n<script>\n     (adsbygoogle = window.adsbygoogle || []).push({});\n<\/script><\/div>\n<div id=\"ez-toc-container\" class=\"ez-toc-v2_0_69_1 counter-hierarchy ez-toc-counter ez-toc-grey ez-toc-container-direction\">\n<div class=\"ez-toc-title-container\">\n<p class=\"ez-toc-title\" >Conte&uacute;do:<\/p>\n<span class=\"ez-toc-title-toggle\"><a href=\"#\" class=\"ez-toc-pull-right ez-toc-btn ez-toc-btn-xs ez-toc-btn-default ez-toc-toggle\" aria-label=\"Inhaltsverzeichnis umschalten\"><span class=\"ez-toc-js-icon-con\"><span class=\"\"><span class=\"eztoc-hide\" style=\"display:none;\">Umschalten<\/span><span class=\"ez-toc-icon-toggle-span\"><svg style=\"fill: #999;color:#999\" xmlns=\"http:\/\/www.w3.org\/2000\/svg\" class=\"list-377408\" width=\"20px\" height=\"20px\" viewbox=\"0 0 24 24\" fill=\"none\"><path d=\"M6 6H4v2h2V6zm14 0H8v2h12V6zM4 11h2v2H4v-2zm16 0H8v2h12v-2zM4 16h2v2H4v-2zm16 0H8v2h12v-2z\" fill=\"currentColor\"><\/path><\/svg><svg style=\"fill: #999;color:#999\" class=\"arrow-unsorted-368013\" xmlns=\"http:\/\/www.w3.org\/2000\/svg\" width=\"10px\" height=\"10px\" viewbox=\"0 0 24 24\" version=\"1.2\" baseprofile=\"tiny\"><path d=\"M18.2 9.3l-6.2-6.3-6.2 6.3c-.2.2-.3.4-.3.7s.1.5.3.7c.2.2.4.3.7.3h11c.3 0 .5-.1.7-.3.2-.2.3-.5.3-.7s-.1-.5-.3-.7zM5.8 14.7l6.2 6.3 6.2-6.3c.2-.2.3-.5.3-.7s-.1-.5-.3-.7c-.2-.2-.4-.3-.7-.3h-11c-.3 0-.5.1-.7.3-.2.2-.3.5-.3.7s.1.5.3.7z\"\/><\/svg><\/span><\/span><\/span><\/a><\/span><\/div>\n<nav><ul class='ez-toc-list ez-toc-list-level-1' ><li class='ez-toc-page-1 ez-toc-heading-level-2'><a class=\"ez-toc-link ez-toc-heading-1\" href=\"https:\/\/chabeneficio.com\/de\/sobre-nos\/#Nosso_Compromisso_com_a_Privacidade\" title=\"Unser Engagement f\u00fcr den Datenschutz\">Unser Engagement f\u00fcr den Datenschutz<\/a><\/li><li class='ez-toc-page-1 ez-toc-heading-level-2'><a class=\"ez-toc-link ez-toc-heading-2\" href=\"https:\/\/chabeneficio.com\/de\/sobre-nos\/#O_Que_Oferecemos\" title=\"Was wir anbieten\">Was wir anbieten<\/a><\/li><\/ul><\/nav><\/div>\n<h2><span class=\"ez-toc-section\" id=\"Nosso_Compromisso_com_a_Privacidade\"><\/span>Unser Engagement f\u00fcr den Datenschutz<span class=\"ez-toc-section-end\"><\/span><\/h2>\n<p>Wir respektieren und sch\u00e4tzen die Privatsph\u00e4re unserer Nutzer. Wir befolgen strikt die Richtlinien und Vorschriften des LGPD (Allgemeines Datenschutzgesetz) und gew\u00e4hrleisten so den Schutz der pers\u00f6nlichen Daten unserer Besucher.<\/p>\n<h2><span class=\"ez-toc-section\" id=\"O_Que_Oferecemos\"><\/span>Was wir anbieten<span class=\"ez-toc-section-end\"><\/span><\/h2>\n<p>Unvoreingenommene, ausf\u00fchrliche Bewertungen verschiedener Arten von Kreditkarten, einschlie\u00dflich Vorteilen, Tarifen und Konditionen.<br \/>\nHighlights der wichtigsten Vorteile, die verschiedene Kartenanbieter bieten, und den Benutzern dabei helfen, die beste Karte f\u00fcr ihre Bed\u00fcrfnisse auszuw\u00e4hlen.<\/p>\n<p>Tipps und Strategien, um die Vorteile von Kreditkarten zu maximieren und eine solide finanzielle Gesundheit aufrechtzuerhalten.<br \/>\nBewertungen von Finanzanwendungen, die Ihnen bei der intelligenten Verwaltung Ihrer pers\u00f6nlichen Finanzen helfen k\u00f6nnen.<br \/>\nUnsere Aufgabe<\/p>\n<p>Wir glauben, dass Finanzbildung unerl\u00e4sslich ist, um Menschen dabei zu helfen, fundierte Entscheidungen zu treffen und ihre finanziellen Ziele zu erreichen. Unsere Mission ist es, Verbraucher zu st\u00e4rken, indem wir klare und relevante Informationen \u00fcber Kreditkarten bereitstellen und dabei stets den Datenschutz und die Sicherheit respektieren.<\/p>\n<p>Wenn Sie mehr \u00fcber Kreditkarten erfahren, neue Vorteile entdecken oder n\u00fctzliche Finanz-Apps finden m\u00f6chten, sind Sie hier richtig! Erkunden Sie unsere Website, um wertvolle Einblicke und praktische Tools zur Verbesserung Ihrer Finanzerfahrung zu erhalten.<\/p>\n<p>Vielen Dank, dass Sie uns Ihre finanzielle Reise anvertrauen!<\/p>","protected":false},"excerpt":{"rendered":"<p>Bem-vindo ao nosso site dedicado a fornecer informa\u00e7\u00f5es detalhadas sobre cart\u00f5es de cr\u00e9dito, seus benef\u00edcios e dicas de aplicativos \u00fateis. Nosso site foi criado em 2024 com o objetivo de ajudar os consumidores a entenderem melhor o mundo dos cart\u00f5es de cr\u00e9dito, explorarem as vantagens oferecidas por diferentes provedores e descobrirem aplicativos inovadores para gerenciar [&hellip;]<\/p>","protected":false},"author":5,"featured_media":0,"parent":0,"menu_order":0,"comment_status":"closed","ping_status":"closed","template":"","meta":{"_acf_changed":false,"footnotes":""},"class_list":["post-910","page","type-page","status-publish","hentry"],"acf":[],"yoast_head":"<!-- This site is optimized with the Yoast SEO plugin v23.4 - https:\/\/yoast.com\/wordpress\/plugins\/seo\/ -->\n<title>Sobre N\u00f3s | Ch\u00e1 Benef\u00edcios<\/title>\n<meta name=\"robots\" content=\"index, follow, max-snippet:-1, max-image-preview:large, max-video-preview:-1\" \/>\n<link rel=\"canonical\" href=\"https:\/\/chabeneficio.com\/de\/sobre-nos\/\" \/>\n<meta property=\"og:locale\" content=\"de_DE\" \/>\n<meta property=\"og:type\" content=\"article\" \/>\n<meta property=\"og:title\" content=\"Sobre N\u00f3s | Ch\u00e1 Benef\u00edcios\" \/>\n<meta property=\"og:description\" content=\"Bem-vindo ao nosso site dedicado a fornecer informa\u00e7\u00f5es detalhadas sobre cart\u00f5es de cr\u00e9dito, seus benef\u00edcios e dicas de aplicativos \u00fateis. Nosso site foi criado em 2024 com o objetivo de ajudar os consumidores a entenderem melhor o mundo dos cart\u00f5es de cr\u00e9dito, explorarem as vantagens oferecidas por diferentes provedores e descobrirem aplicativos inovadores para gerenciar [&hellip;]\" \/>\n<meta property=\"og:url\" content=\"https:\/\/chabeneficio.com\/de\/sobre-nos\/\" \/>\n<meta property=\"og:site_name\" content=\"Ch\u00e1 Benef\u00edcios\" \/>\n<meta property=\"article:modified_time\" content=\"2024-04-04T09:44:58+00:00\" \/>\n<meta name=\"twitter:card\" content=\"summary_large_image\" \/>\n<meta name=\"twitter:label1\" content=\"Gesch\u00e4tzte Lesezeit\" \/>\n\t<meta name=\"twitter:data1\" content=\"2 Minuten\" \/>\n<script type=\"application\/ld+json\" class=\"yoast-schema-graph\">{\"@context\":\"https:\/\/schema.org\",\"@graph\":[{\"@type\":\"WebPage\",\"@id\":\"https:\/\/chabeneficio.com\/sobre-nos\/\",\"url\":\"https:\/\/chabeneficio.com\/sobre-nos\/\",\"name\":\"Sobre N\u00f3s | Ch\u00e1 Benef\u00edcios\",\"isPartOf\":{\"@id\":\"https:\/\/chabeneficio.com\/#website\"},\"datePublished\":\"2024-03-29T23:34:24+00:00\",\"dateModified\":\"2024-04-04T09:44:58+00:00\",\"breadcrumb\":{\"@id\":\"https:\/\/chabeneficio.com\/sobre-nos\/#breadcrumb\"},\"inLanguage\":\"de-CH\",\"potentialAction\":[{\"@type\":\"ReadAction\",\"target\":[\"https:\/\/chabeneficio.com\/sobre-nos\/\"]}]},{\"@type\":\"BreadcrumbList\",\"@id\":\"https:\/\/chabeneficio.com\/sobre-nos\/#breadcrumb\",\"itemListElement\":[{\"@type\":\"ListItem\",\"position\":1,\"name\":\"In\u00edcio\",\"item\":\"https:\/\/chabeneficio.com\/\"},{\"@type\":\"ListItem\",\"position\":2,\"name\":\"Sobre N\u00f3s\"}]},{\"@type\":\"WebSite\",\"@id\":\"https:\/\/chabeneficio.com\/#website\",\"url\":\"https:\/\/chabeneficio.com\/\",\"name\":\"Ch\u00e1 Benef\u00edcios\",\"description\":\"Benef\u00edcios dos Ch\u00e1s, Receitas e Tratamentos!\",\"publisher\":{\"@id\":\"https:\/\/chabeneficio.com\/#organization\"},\"potentialAction\":[{\"@type\":\"SearchAction\",\"target\":{\"@type\":\"EntryPoint\",\"urlTemplate\":\"https:\/\/chabeneficio.com\/?s={search_term_string}\"},\"query-input\":{\"@type\":\"PropertyValueSpecification\",\"valueRequired\":true,\"valueName\":\"search_term_string\"}}],\"inLanguage\":\"de-CH\"},{\"@type\":\"Organization\",\"@id\":\"https:\/\/chabeneficio.com\/#organization\",\"name\":\"Ch\u00e1 Benef\u00edcios\",\"url\":\"https:\/\/chabeneficio.com\/\",\"logo\":{\"@type\":\"ImageObject\",\"inLanguage\":\"de-CH\",\"@id\":\"https:\/\/chabeneficio.com\/#\/schema\/logo\/image\/\",\"url\":\"https:\/\/chabeneficio.com\/wp-content\/uploads\/2018\/03\/Ch\u00e1-Benef\u00edcos.png\",\"contentUrl\":\"https:\/\/chabeneficio.com\/wp-content\/uploads\/2018\/03\/Ch\u00e1-Benef\u00edcos.png\",\"width\":1281,\"height\":1281,\"caption\":\"Ch\u00e1 Benef\u00edcios\"},\"image\":{\"@id\":\"https:\/\/chabeneficio.com\/#\/schema\/logo\/image\/\"}}]}<\/script>\n<!-- \/ Yoast SEO plugin. -->","yoast_head_json":{"title":"Sobre N\u00f3s | Ch\u00e1 Benef\u00edcios","robots":{"index":"index","follow":"follow","max-snippet":"max-snippet:-1","max-image-preview":"max-image-preview:large","max-video-preview":"max-video-preview:-1"},"canonical":"https:\/\/chabeneficio.com\/de\/sobre-nos\/","og_locale":"de_DE","og_type":"article","og_title":"Sobre N\u00f3s | Ch\u00e1 Benef\u00edcios","og_description":"Bem-vindo ao nosso site dedicado a fornecer informa\u00e7\u00f5es detalhadas sobre cart\u00f5es de cr\u00e9dito, seus benef\u00edcios e dicas de aplicativos \u00fateis. Nosso site foi criado em 2024 com o objetivo de ajudar os consumidores a entenderem melhor o mundo dos cart\u00f5es de cr\u00e9dito, explorarem as vantagens oferecidas por diferentes provedores e descobrirem aplicativos inovadores para gerenciar [&hellip;]","og_url":"https:\/\/chabeneficio.com\/de\/sobre-nos\/","og_site_name":"Ch\u00e1 Benef\u00edcios","article_modified_time":"2024-04-04T09:44:58+00:00","twitter_card":"summary_large_image","twitter_misc":{"Gesch\u00e4tzte Lesezeit":"2 Minuten"},"schema":{"@context":"https:\/\/schema.org","@graph":[{"@type":"WebPage","@id":"https:\/\/chabeneficio.com\/sobre-nos\/","url":"https:\/\/chabeneficio.com\/sobre-nos\/","name":"Sobre N\u00f3s | Ch\u00e1 Benef\u00edcios","isPartOf":{"@id":"https:\/\/chabeneficio.com\/#website"},"datePublished":"2024-03-29T23:34:24+00:00","dateModified":"2024-04-04T09:44:58+00:00","breadcrumb":{"@id":"https:\/\/chabeneficio.com\/sobre-nos\/#breadcrumb"},"inLanguage":"de-CH","potentialAction":[{"@type":"ReadAction","target":["https:\/\/chabeneficio.com\/sobre-nos\/"]}]},{"@type":"BreadcrumbList","@id":"https:\/\/chabeneficio.com\/sobre-nos\/#breadcrumb","itemListElement":[{"@type":"ListItem","position":1,"name":"In\u00edcio","item":"https:\/\/chabeneficio.com\/"},{"@type":"ListItem","position":2,"name":"Sobre N\u00f3s"}]},{"@type":"WebSite","@id":"https:\/\/chabeneficio.com\/#website","url":"https:\/\/chabeneficio.com\/","name":"Ch\u00e1 Benef\u00edcios","description":"Benef\u00edcios dos Ch\u00e1s, Receitas e Tratamentos!","publisher":{"@id":"https:\/\/chabeneficio.com\/#organization"},"potentialAction":[{"@type":"SearchAction","target":{"@type":"EntryPoint","urlTemplate":"https:\/\/chabeneficio.com\/?s={search_term_string}"},"query-input":{"@type":"PropertyValueSpecification","valueRequired":true,"valueName":"search_term_string"}}],"inLanguage":"de-CH"},{"@type":"Organization","@id":"https:\/\/chabeneficio.com\/#organization","name":"Ch\u00e1 Benef\u00edcios","url":"https:\/\/chabeneficio.com\/","logo":{"@type":"ImageObject","inLanguage":"de-CH","@id":"https:\/\/chabeneficio.com\/#\/schema\/logo\/image\/","url":"https:\/\/chabeneficio.com\/wp-content\/uploads\/2018\/03\/Ch\u00e1-Benef\u00edcos.png","contentUrl":"https:\/\/chabeneficio.com\/wp-content\/uploads\/2018\/03\/Ch\u00e1-Benef\u00edcos.png","width":1281,"height":1281,"caption":"Ch\u00e1 Benef\u00edcios"},"image":{"@id":"https:\/\/chabeneficio.com\/#\/schema\/logo\/image\/"}}]}},"jetpack_sharing_enabled":true,"_links":{"self":[{"href":"https:\/\/chabeneficio.com\/de\/wp-json\/wp\/v2\/pages\/910"}],"collection":[{"href":"https:\/\/chabeneficio.com\/de\/wp-json\/wp\/v2\/pages"}],"about":[{"href":"https:\/\/chabeneficio.com\/de\/wp-json\/wp\/v2\/types\/page"}],"author":[{"embeddable":true,"href":"https:\/\/chabeneficio.com\/de\/wp-json\/wp\/v2\/users\/5"}],"replies":[{"embeddable":true,"href":"https:\/\/chabeneficio.com\/de\/wp-json\/wp\/v2\/comments?post=910"}],"version-history":[{"count":2,"href":"https:\/\/chabeneficio.com\/de\/wp-json\/wp\/v2\/pages\/910\/revisions"}],"predecessor-version":[{"id":948,"href":"https:\/\/chabeneficio.com\/de\/wp-json\/wp\/v2\/pages\/910\/revisions\/948"}],"wp:attachment":[{"href":"https:\/\/chabeneficio.com\/de\/wp-json\/wp\/v2\/media?parent=910"}],"curies":[{"name":"wp","href":"https:\/\/api.w.org\/{rel}","templated":true}]}}