{"id":822,"date":"2024-03-18T00:10:20","date_gmt":"2024-03-18T03:10:20","guid":{"rendered":"https:\/\/chabeneficio.com\/?page_id=822"},"modified":"2024-04-04T06:44:30","modified_gmt":"2024-04-04T09:44:30","slug":"aviso-legal","status":"publish","type":"page","link":"https:\/\/chabeneficio.com\/de\/aviso-legal\/","title":{"rendered":"Impressum"},"content":{"rendered":"<p>\u00dcber unseren Blog haben Benutzer Zugriff auf aktualisierte Informationen \u00fcber relevante Inhalte in der Anwendungsnische, Sozialleistungen und Finanzen. Wir weisen jedoch darauf hin, dass alle hier behandelten Inhalte nur zu Informationszwecken dienen und auf dem basieren, was bereits \u00f6ffentlich bekannt ist keine privilegierten Informationen oder Versprechen der hier gezeigten Dienste. Daher \u00fcbernimmt Ch\u00e1 Beneficio, eine GS MEDIA-Website, keine Verpflichtungen Dritter, die m\u00f6glicherweise in unseren Artikeln erw\u00e4hnt werden.<\/p><div class=\"banner banner--content banner--content--full\"><script async src=\"https:\/\/pagead2.googlesyndication.com\/pagead\/js\/adsbygoogle.js?client=ca-pub-8541928713205557\"\n     crossorigin=\"anonymous\"><\/script>\n<!-- ad-top-p -->\n<ins class=\"adsbygoogle\"\n     style=\"display:block\"\n     data-ad-client=\"ca-pub-8541928713205557\"\n     data-ad-slot=\"3264867050\"\n     data-ad-format=\"auto\"\n     data-full-width-responsive=\"true\"><\/ins>\n<script>\n     (adsbygoogle = window.adsbygoogle || []).push({});\n<\/script><\/div>\n<p>GS MEDIA LTDA und seine verbundenen Unternehmen sind von jeglicher Haftung im Zusammenhang mit direkten oder indirekten Verlusten befreit, die sich aus der Nutzung ihrer Inhalte ergeben.<\/p>\n<p>Wenn Sie weitere Informationen ben\u00f6tigen oder Fragen zum Haftungsausschluss unserer Website haben, k\u00f6nnen Sie uns gerne unter contato@seriadornaveia.com.br kontaktieren<\/p>\n<div id=\"ez-toc-container\" class=\"ez-toc-v2_0_69_1 counter-hierarchy ez-toc-counter ez-toc-grey ez-toc-container-direction\">\n<div class=\"ez-toc-title-container\">\n<p class=\"ez-toc-title\" >Conte&uacute;do:<\/p>\n<span class=\"ez-toc-title-toggle\"><a href=\"#\" class=\"ez-toc-pull-right ez-toc-btn ez-toc-btn-xs ez-toc-btn-default ez-toc-toggle\" aria-label=\"Inhaltsverzeichnis umschalten\"><span class=\"ez-toc-js-icon-con\"><span class=\"\"><span class=\"eztoc-hide\" style=\"display:none;\">Umschalten<\/span><span class=\"ez-toc-icon-toggle-span\"><svg style=\"fill: #999;color:#999\" xmlns=\"http:\/\/www.w3.org\/2000\/svg\" class=\"list-377408\" width=\"20px\" height=\"20px\" viewbox=\"0 0 24 24\" fill=\"none\"><path d=\"M6 6H4v2h2V6zm14 0H8v2h12V6zM4 11h2v2H4v-2zm16 0H8v2h12v-2zM4 16h2v2H4v-2zm16 0H8v2h12v-2z\" fill=\"currentColor\"><\/path><\/svg><svg style=\"fill: #999;color:#999\" class=\"arrow-unsorted-368013\" xmlns=\"http:\/\/www.w3.org\/2000\/svg\" width=\"10px\" height=\"10px\" viewbox=\"0 0 24 24\" version=\"1.2\" baseprofile=\"tiny\"><path d=\"M18.2 9.3l-6.2-6.3-6.2 6.3c-.2.2-.3.4-.3.7s.1.5.3.7c.2.2.4.3.7.3h11c.3 0 .5-.1.7-.3.2-.2.3-.5.3-.7s-.1-.5-.3-.7zM5.8 14.7l6.2 6.3 6.2-6.3c.2-.2.3-.5.3-.7s-.1-.5-.3-.7c-.2-.2-.4-.3-.7-.3h-11c-.3 0-.5.1-.7.3-.2.2-.3.5-.3.7s.1.5.3.7z\"\/><\/svg><\/span><\/span><\/span><\/a><\/span><\/div>\n<nav><ul class='ez-toc-list ez-toc-list-level-1' ><li class='ez-toc-page-1 ez-toc-heading-level-2'><a class=\"ez-toc-link ez-toc-heading-1\" href=\"https:\/\/chabeneficio.com\/de\/aviso-legal\/#Isencao_de_responsabilidade_do_Seriador_na_Veia_Tech\" title=\"Befreiung von der Verantwortung des Serienredakteurs bei Veia Tech\">Befreiung von der Verantwortung des Serienredakteurs bei Veia Tech<\/a><\/li><li class='ez-toc-page-1 ez-toc-heading-level-2'><a class=\"ez-toc-link ez-toc-heading-2\" href=\"https:\/\/chabeneficio.com\/de\/aviso-legal\/#Consentimento\" title=\"Zustimmung\">Zustimmung<\/a><\/li><li class='ez-toc-page-1 ez-toc-heading-level-2'><a class=\"ez-toc-link ez-toc-heading-3\" href=\"https:\/\/chabeneficio.com\/de\/aviso-legal\/#Atualizacoes\" title=\"Aktualisierung\">Aktualisierung<\/a><\/li><\/ul><\/nav><\/div>\n<h2 class=\"wp-block-heading\"><span class=\"ez-toc-section\" id=\"Isencao_de_responsabilidade_do_Seriador_na_Veia_Tech\"><\/span>Befreiung von der Verantwortung des Serienredakteurs bei Veia Tech<span class=\"ez-toc-section-end\"><\/span><\/h2>\n<p>Alle auf dieser Website \u2013 https:\/\/chabeneficio.com\/ \u2013 enthaltenen Informationen werden in gutem Glauben und nur zu allgemeinen Informationszwecken ver\u00f6ffentlicht. Ch\u00e1 Beneficio \u00fcbernimmt keine Garantie f\u00fcr die Integrit\u00e4t, Zuverl\u00e4ssigkeit und Richtigkeit dieser Informationen. Alle Handlungen, die Sie aufgrund der Informationen, die Sie auf dieser Website (Ch\u00e1 Beneficio) finden, vornehmen, erfolgen ausschlie\u00dflich auf Ihr eigenes Risiko. Ch\u00e1 Beneficio ist nicht verantwortlich f\u00fcr Verluste und\/oder Sch\u00e4den im Zusammenhang mit der Nutzung unserer Website.<\/p>\n<p>Von unserer Website aus k\u00f6nnen Sie andere Websites besuchen, indem Sie Hyperlinks zu diesen externen Websites folgen. Obwohl wir bestrebt sind, nur hochwertige Links zu n\u00fctzlichen und ethisch vertretbaren Websites bereitzustellen, haben wir keine Kontrolle \u00fcber den Inhalt und die Beschaffenheit dieser Websites. Diese Links zu anderen Websites stellen keine Empfehlung f\u00fcr den gesamten Inhalt dieser Websites dar. Websiteeigent\u00fcmer und Inhalte k\u00f6nnen ohne Vorank\u00fcndigung ge\u00e4ndert werden, und zwar bevor wir die M\u00f6glichkeit haben, einen Link zu entfernen, der m\u00f6glicherweise \u201eschlecht\u201c geworden ist.<\/p>\n<p>Bitte beachten Sie auch, dass beim Verlassen unserer Website m\u00f6glicherweise andere Datenschutzrichtlinien und -bedingungen auf anderen Websites gelten, auf die wir keinen Einfluss haben. Bitte \u00fcberpr\u00fcfen Sie unbedingt die Datenschutzrichtlinien dieser Websites sowie deren \u201eNutzungsbedingungen\u201c, bevor Sie Gesch\u00e4fte t\u00e4tigen oder Informationen hochladen.<\/p>\n<h2 class=\"wp-block-heading\"><span class=\"ez-toc-section\" id=\"Consentimento\"><\/span>Zustimmung<span class=\"ez-toc-section-end\"><\/span><\/h2>\n<p>Durch die Nutzung unserer Website stimmen Sie unserem Haftungsausschluss und seinen Bedingungen zu.<\/p>\n<h2 class=\"wp-block-heading\"><span class=\"ez-toc-section\" id=\"Atualizacoes\"><\/span>Aktualisierung<span class=\"ez-toc-section-end\"><\/span><\/h2>\n<p>Sollten wir dieses Dokument aktualisieren, erg\u00e4nzen oder \u00c4nderungen daran vornehmen, werden diese \u00c4nderungen hier deutlich sichtbar ver\u00f6ffentlicht.<\/p>","protected":false},"excerpt":{"rendered":"<p>Atrav\u00e9s do nosso blog, os usu\u00e1rios t\u00eam acesso a informa\u00e7\u00f5es atualizadas sobre conte\u00fados relevantes do nicho de aplicativos, benef\u00edcios sociais e finan\u00e7as, mas destacamos que todo conte\u00fado tratado aqui, tem fim meramente informativo, baseado no que j\u00e1 \u00e9 de conhecimento p\u00fablico, ou seja, n\u00e3o \u00e9 informa\u00e7\u00e3o privilegiada ou promessa de quaisquer servi\u00e7os aqui mostrado. Com [&hellip;]<\/p>","protected":false},"author":5,"featured_media":0,"parent":0,"menu_order":0,"comment_status":"closed","ping_status":"closed","template":"","meta":{"_acf_changed":false,"footnotes":""},"class_list":["post-822","page","type-page","status-publish","hentry"],"acf":[],"yoast_head":"<!-- This site is optimized with the Yoast SEO plugin v23.4 - https:\/\/yoast.com\/wordpress\/plugins\/seo\/ -->\n<title>Aviso Legal | Ch\u00e1 Benef\u00edcios<\/title>\n<meta name=\"robots\" content=\"index, follow, max-snippet:-1, max-image-preview:large, max-video-preview:-1\" \/>\n<link rel=\"canonical\" href=\"https:\/\/chabeneficio.com\/de\/aviso-legal\/\" \/>\n<meta property=\"og:locale\" content=\"de_DE\" \/>\n<meta property=\"og:type\" content=\"article\" \/>\n<meta property=\"og:title\" content=\"Aviso Legal | Ch\u00e1 Benef\u00edcios\" \/>\n<meta property=\"og:description\" content=\"Atrav\u00e9s do nosso blog, os usu\u00e1rios t\u00eam acesso a informa\u00e7\u00f5es atualizadas sobre conte\u00fados relevantes do nicho de aplicativos, benef\u00edcios sociais e finan\u00e7as, mas destacamos que todo conte\u00fado tratado aqui, tem fim meramente informativo, baseado no que j\u00e1 \u00e9 de conhecimento p\u00fablico, ou seja, n\u00e3o \u00e9 informa\u00e7\u00e3o privilegiada ou promessa de quaisquer servi\u00e7os aqui mostrado. Com [&hellip;]\" \/>\n<meta property=\"og:url\" content=\"https:\/\/chabeneficio.com\/de\/aviso-legal\/\" \/>\n<meta property=\"og:site_name\" content=\"Ch\u00e1 Benef\u00edcios\" \/>\n<meta property=\"article:modified_time\" content=\"2024-04-04T09:44:30+00:00\" \/>\n<meta name=\"twitter:card\" content=\"summary_large_image\" \/>\n<meta name=\"twitter:label1\" content=\"Gesch\u00e4tzte Lesezeit\" \/>\n\t<meta name=\"twitter:data1\" content=\"3 Minuten\" \/>\n<script type=\"application\/ld+json\" class=\"yoast-schema-graph\">{\"@context\":\"https:\/\/schema.org\",\"@graph\":[{\"@type\":\"WebPage\",\"@id\":\"https:\/\/chabeneficio.com\/aviso-legal\/\",\"url\":\"https:\/\/chabeneficio.com\/aviso-legal\/\",\"name\":\"Aviso Legal | Ch\u00e1 Benef\u00edcios\",\"isPartOf\":{\"@id\":\"https:\/\/chabeneficio.com\/#website\"},\"datePublished\":\"2024-03-18T03:10:20+00:00\",\"dateModified\":\"2024-04-04T09:44:30+00:00\",\"breadcrumb\":{\"@id\":\"https:\/\/chabeneficio.com\/aviso-legal\/#breadcrumb\"},\"inLanguage\":\"de-CH\",\"potentialAction\":[{\"@type\":\"ReadAction\",\"target\":[\"https:\/\/chabeneficio.com\/aviso-legal\/\"]}]},{\"@type\":\"BreadcrumbList\",\"@id\":\"https:\/\/chabeneficio.com\/aviso-legal\/#breadcrumb\",\"itemListElement\":[{\"@type\":\"ListItem\",\"position\":1,\"name\":\"In\u00edcio\",\"item\":\"https:\/\/chabeneficio.com\/\"},{\"@type\":\"ListItem\",\"position\":2,\"name\":\"Aviso Legal\"}]},{\"@type\":\"WebSite\",\"@id\":\"https:\/\/chabeneficio.com\/#website\",\"url\":\"https:\/\/chabeneficio.com\/\",\"name\":\"Ch\u00e1 Benef\u00edcios\",\"description\":\"Benef\u00edcios dos Ch\u00e1s, Receitas e Tratamentos!\",\"publisher\":{\"@id\":\"https:\/\/chabeneficio.com\/#organization\"},\"potentialAction\":[{\"@type\":\"SearchAction\",\"target\":{\"@type\":\"EntryPoint\",\"urlTemplate\":\"https:\/\/chabeneficio.com\/?s={search_term_string}\"},\"query-input\":{\"@type\":\"PropertyValueSpecification\",\"valueRequired\":true,\"valueName\":\"search_term_string\"}}],\"inLanguage\":\"de-CH\"},{\"@type\":\"Organization\",\"@id\":\"https:\/\/chabeneficio.com\/#organization\",\"name\":\"Ch\u00e1 Benef\u00edcios\",\"url\":\"https:\/\/chabeneficio.com\/\",\"logo\":{\"@type\":\"ImageObject\",\"inLanguage\":\"de-CH\",\"@id\":\"https:\/\/chabeneficio.com\/#\/schema\/logo\/image\/\",\"url\":\"https:\/\/chabeneficio.com\/wp-content\/uploads\/2018\/03\/Ch\u00e1-Benef\u00edcos.png\",\"contentUrl\":\"https:\/\/chabeneficio.com\/wp-content\/uploads\/2018\/03\/Ch\u00e1-Benef\u00edcos.png\",\"width\":1281,\"height\":1281,\"caption\":\"Ch\u00e1 Benef\u00edcios\"},\"image\":{\"@id\":\"https:\/\/chabeneficio.com\/#\/schema\/logo\/image\/\"}}]}<\/script>\n<!-- \/ Yoast SEO plugin. -->","yoast_head_json":{"title":"Aviso Legal | Ch\u00e1 Benef\u00edcios","robots":{"index":"index","follow":"follow","max-snippet":"max-snippet:-1","max-image-preview":"max-image-preview:large","max-video-preview":"max-video-preview:-1"},"canonical":"https:\/\/chabeneficio.com\/de\/aviso-legal\/","og_locale":"de_DE","og_type":"article","og_title":"Aviso Legal | Ch\u00e1 Benef\u00edcios","og_description":"Atrav\u00e9s do nosso blog, os usu\u00e1rios t\u00eam acesso a informa\u00e7\u00f5es atualizadas sobre conte\u00fados relevantes do nicho de aplicativos, benef\u00edcios sociais e finan\u00e7as, mas destacamos que todo conte\u00fado tratado aqui, tem fim meramente informativo, baseado no que j\u00e1 \u00e9 de conhecimento p\u00fablico, ou seja, n\u00e3o \u00e9 informa\u00e7\u00e3o privilegiada ou promessa de quaisquer servi\u00e7os aqui mostrado. Com [&hellip;]","og_url":"https:\/\/chabeneficio.com\/de\/aviso-legal\/","og_site_name":"Ch\u00e1 Benef\u00edcios","article_modified_time":"2024-04-04T09:44:30+00:00","twitter_card":"summary_large_image","twitter_misc":{"Gesch\u00e4tzte Lesezeit":"3 Minuten"},"schema":{"@context":"https:\/\/schema.org","@graph":[{"@type":"WebPage","@id":"https:\/\/chabeneficio.com\/aviso-legal\/","url":"https:\/\/chabeneficio.com\/aviso-legal\/","name":"Aviso Legal | Ch\u00e1 Benef\u00edcios","isPartOf":{"@id":"https:\/\/chabeneficio.com\/#website"},"datePublished":"2024-03-18T03:10:20+00:00","dateModified":"2024-04-04T09:44:30+00:00","breadcrumb":{"@id":"https:\/\/chabeneficio.com\/aviso-legal\/#breadcrumb"},"inLanguage":"de-CH","potentialAction":[{"@type":"ReadAction","target":["https:\/\/chabeneficio.com\/aviso-legal\/"]}]},{"@type":"BreadcrumbList","@id":"https:\/\/chabeneficio.com\/aviso-legal\/#breadcrumb","itemListElement":[{"@type":"ListItem","position":1,"name":"In\u00edcio","item":"https:\/\/chabeneficio.com\/"},{"@type":"ListItem","position":2,"name":"Aviso Legal"}]},{"@type":"WebSite","@id":"https:\/\/chabeneficio.com\/#website","url":"https:\/\/chabeneficio.com\/","name":"Ch\u00e1 Benef\u00edcios","description":"Benef\u00edcios dos Ch\u00e1s, Receitas e Tratamentos!","publisher":{"@id":"https:\/\/chabeneficio.com\/#organization"},"potentialAction":[{"@type":"SearchAction","target":{"@type":"EntryPoint","urlTemplate":"https:\/\/chabeneficio.com\/?s={search_term_string}"},"query-input":{"@type":"PropertyValueSpecification","valueRequired":true,"valueName":"search_term_string"}}],"inLanguage":"de-CH"},{"@type":"Organization","@id":"https:\/\/chabeneficio.com\/#organization","name":"Ch\u00e1 Benef\u00edcios","url":"https:\/\/chabeneficio.com\/","logo":{"@type":"ImageObject","inLanguage":"de-CH","@id":"https:\/\/chabeneficio.com\/#\/schema\/logo\/image\/","url":"https:\/\/chabeneficio.com\/wp-content\/uploads\/2018\/03\/Ch\u00e1-Benef\u00edcos.png","contentUrl":"https:\/\/chabeneficio.com\/wp-content\/uploads\/2018\/03\/Ch\u00e1-Benef\u00edcos.png","width":1281,"height":1281,"caption":"Ch\u00e1 Benef\u00edcios"},"image":{"@id":"https:\/\/chabeneficio.com\/#\/schema\/logo\/image\/"}}]}},"jetpack_sharing_enabled":true,"_links":{"self":[{"href":"https:\/\/chabeneficio.com\/de\/wp-json\/wp\/v2\/pages\/822"}],"collection":[{"href":"https:\/\/chabeneficio.com\/de\/wp-json\/wp\/v2\/pages"}],"about":[{"href":"https:\/\/chabeneficio.com\/de\/wp-json\/wp\/v2\/types\/page"}],"author":[{"embeddable":true,"href":"https:\/\/chabeneficio.com\/de\/wp-json\/wp\/v2\/users\/5"}],"replies":[{"embeddable":true,"href":"https:\/\/chabeneficio.com\/de\/wp-json\/wp\/v2\/comments?post=822"}],"version-history":[{"count":3,"href":"https:\/\/chabeneficio.com\/de\/wp-json\/wp\/v2\/pages\/822\/revisions"}],"predecessor-version":[{"id":946,"href":"https:\/\/chabeneficio.com\/de\/wp-json\/wp\/v2\/pages\/822\/revisions\/946"}],"wp:attachment":[{"href":"https:\/\/chabeneficio.com\/de\/wp-json\/wp\/v2\/media?parent=822"}],"curies":[{"name":"wp","href":"https:\/\/api.w.org\/{rel}","templated":true}]}}