{"id":818,"date":"2024-03-18T00:08:10","date_gmt":"2024-03-18T03:08:10","guid":{"rendered":"https:\/\/chabeneficio.com\/?page_id=818"},"modified":"2024-04-04T06:45:22","modified_gmt":"2024-04-04T09:45:22","slug":"termos-de-uso","status":"publish","type":"page","link":"https:\/\/chabeneficio.com\/de\/termos-de-uso\/","title":{"rendered":"Nutzungsbedingungen"},"content":{"rendered":"<div id=\"ez-toc-container\" class=\"ez-toc-v2_0_69_1 counter-hierarchy ez-toc-counter ez-toc-grey ez-toc-container-direction\">\n<div class=\"ez-toc-title-container\">\n<p class=\"ez-toc-title\" >Conte&uacute;do:<\/p>\n<span class=\"ez-toc-title-toggle\"><a href=\"#\" class=\"ez-toc-pull-right ez-toc-btn ez-toc-btn-xs ez-toc-btn-default ez-toc-toggle\" aria-label=\"Inhaltsverzeichnis umschalten\"><span class=\"ez-toc-js-icon-con\"><span class=\"\"><span class=\"eztoc-hide\" style=\"display:none;\">Umschalten<\/span><span class=\"ez-toc-icon-toggle-span\"><svg style=\"fill: #999;color:#999\" xmlns=\"http:\/\/www.w3.org\/2000\/svg\" class=\"list-377408\" width=\"20px\" height=\"20px\" viewbox=\"0 0 24 24\" fill=\"none\"><path d=\"M6 6H4v2h2V6zm14 0H8v2h12V6zM4 11h2v2H4v-2zm16 0H8v2h12v-2zM4 16h2v2H4v-2zm16 0H8v2h12v-2z\" fill=\"currentColor\"><\/path><\/svg><svg style=\"fill: #999;color:#999\" class=\"arrow-unsorted-368013\" xmlns=\"http:\/\/www.w3.org\/2000\/svg\" width=\"10px\" height=\"10px\" viewbox=\"0 0 24 24\" version=\"1.2\" baseprofile=\"tiny\"><path d=\"M18.2 9.3l-6.2-6.3-6.2 6.3c-.2.2-.3.4-.3.7s.1.5.3.7c.2.2.4.3.7.3h11c.3 0 .5-.1.7-.3.2-.2.3-.5.3-.7s-.1-.5-.3-.7zM5.8 14.7l6.2 6.3 6.2-6.3c.2-.2.3-.5.3-.7s-.1-.5-.3-.7c-.2-.2-.4-.3-.7-.3h-11c-.3 0-.5.1-.7.3-.2.2-.3.5-.3.7s.1.5.3.7z\"\/><\/svg><\/span><\/span><\/span><\/a><\/span><\/div>\n<nav><ul class='ez-toc-list ez-toc-list-level-1' ><li class='ez-toc-page-1 ez-toc-heading-level-2'><a class=\"ez-toc-link ez-toc-heading-1\" href=\"https:\/\/chabeneficio.com\/de\/termos-de-uso\/#1_Termos\" title=\"1. Bedingungen\">1. Bedingungen<\/a><\/li><li class='ez-toc-page-1 ez-toc-heading-level-2'><a class=\"ez-toc-link ez-toc-heading-2\" href=\"https:\/\/chabeneficio.com\/de\/termos-de-uso\/#2_Uso_de_Licenca\" title=\"2. Lizenznutzung\">2. Lizenznutzung<\/a><\/li><li class='ez-toc-page-1 ez-toc-heading-level-2'><a class=\"ez-toc-link ez-toc-heading-3\" href=\"https:\/\/chabeneficio.com\/de\/termos-de-uso\/#3_Isencao_de_responsabilidade\" title=\"3. Haftungsausschluss\">3. Haftungsausschluss<\/a><\/li><li class='ez-toc-page-1 ez-toc-heading-level-2'><a class=\"ez-toc-link ez-toc-heading-4\" href=\"https:\/\/chabeneficio.com\/de\/termos-de-uso\/#4_Limitacoes\" title=\"4. Einschr\u00e4nkungen\">4. Einschr\u00e4nkungen<\/a><\/li><li class='ez-toc-page-1 ez-toc-heading-level-2'><a class=\"ez-toc-link ez-toc-heading-5\" href=\"https:\/\/chabeneficio.com\/de\/termos-de-uso\/#5_Precisao_dos_materiais\" title=\"5. Pr\u00e4zision der Materialien\">5. Pr\u00e4zision der Materialien<\/a><\/li><li class='ez-toc-page-1 ez-toc-heading-level-2'><a class=\"ez-toc-link ez-toc-heading-6\" href=\"https:\/\/chabeneficio.com\/de\/termos-de-uso\/#6_Links\" title=\"6. Links\">6. Links<\/a><\/li><\/ul><\/nav><\/div>\n<h2 class=\"wp-block-heading\"><span class=\"ez-toc-section\" id=\"1_Termos\"><\/span><strong>1. Bedingungen<\/strong><span class=\"ez-toc-section-end\"><\/span><\/h2>\r\n\r\n\r\n\r\n<p>Durch den Zugriff auf die Ch\u00e1 Beneficio-Website erkl\u00e4ren Sie sich mit diesen Nutzungsbedingungen sowie allen geltenden Gesetzen und Vorschriften einverstanden und stimmen zu, dass Sie f\u00fcr die Einhaltung aller geltenden lokalen Gesetze verantwortlich sind. Wenn Sie mit einer dieser Bedingungen nicht einverstanden sind, ist Ihnen die Nutzung oder der Zugriff auf diese Website untersagt. Die auf dieser Website enthaltenen Materialien sind durch geltende Urheberrechts- und Markengesetze gesch\u00fctzt.<\/p><div class=\"banner banner--content banner--content--full\"><script async src=\"https:\/\/pagead2.googlesyndication.com\/pagead\/js\/adsbygoogle.js?client=ca-pub-8541928713205557\"\n     crossorigin=\"anonymous\"><\/script>\n<!-- ad-top-p -->\n<ins class=\"adsbygoogle\"\n     style=\"display:block\"\n     data-ad-client=\"ca-pub-8541928713205557\"\n     data-ad-slot=\"3264867050\"\n     data-ad-format=\"auto\"\n     data-full-width-responsive=\"true\"><\/ins>\n<script>\n     (adsbygoogle = window.adsbygoogle || []).push({});\n<\/script><\/div>\r\n\r\n\r\n\r\n<h2 class=\"wp-block-heading\"><span class=\"ez-toc-section\" id=\"2_Uso_de_Licenca\"><\/span><strong>2. Lizenznutzung<\/strong><span class=\"ez-toc-section-end\"><\/span><\/h2>\r\n\r\n\r\n\r\n<p>Es wird die Erlaubnis erteilt, vor\u00fcbergehend eine Kopie der Materialien (Informationen oder Software) auf der Website von Ch\u00e1 Beneficio herunterzuladen, um sie ausschlie\u00dflich f\u00fcr den pers\u00f6nlichen, nicht kommerziellen vor\u00fcbergehenden Gebrauch anzusehen. Hierbei handelt es sich um die Gew\u00e4hrung einer Lizenz, nicht um eine Eigentums\u00fcbertragung, und im Rahmen dieser Lizenz ist es Ihnen nicht gestattet:<\/p>\r\n\r\n\r\n\r\n<ol class=\"wp-block-list\">\r\n<li>die Materialien \u00e4ndern oder kopieren;<\/li>\r\n\r\n\r\n\r\n<li>die Materialien f\u00fcr kommerzielle Zwecke oder zur \u00f6ffentlichen Darstellung (kommerziell oder nichtkommerziell) verwenden;<\/li>\r\n\r\n\r\n\r\n<li>Versuchen Sie, die auf der Website von O Seriador Tech enthaltene Software zu dekompilieren oder zur\u00fcckzuentwickeln.<\/li>\r\n\r\n\r\n\r\n<li>jegliche Urheberrechts- oder andere Eigentumsvermerke aus den Materialien entfernen; oder<\/li>\r\n\r\n\r\n\r\n<li>die Materialien an eine andere Person \u00fcbertragen oder die Materialien auf einem anderen Server \u201espiegeln\u201c.<\/li>\r\n<\/ol>\r\n\r\n\r\n\r\n<p>Diese Lizenz erlischt automatisch, wenn Sie gegen eine dieser Einschr\u00e4nkungen versto\u00dfen, und kann von Ch\u00e1 Beneficio jederzeit gek\u00fcndigt werden. Wenn Sie die Anzeige dieser Materialien oder die Beendigung dieser Lizenz beenden, m\u00fcssen Sie alle heruntergeladenen Materialien, die sich in Ihrem Besitz befinden, l\u00f6schen, sei es in elektronischer oder gedruckter Form.<\/p>\r\n\r\n\r\n\r\n<h2 class=\"wp-block-heading\"><span class=\"ez-toc-section\" id=\"3_Isencao_de_responsabilidade\"><\/span><strong>3. Haftungsausschluss<\/strong><span class=\"ez-toc-section-end\"><\/span><\/h2>\r\n\r\n\r\n\r\n<ol class=\"wp-block-list\">\r\n<li>Die Materialien auf der Website von O Seriador Tech werden im Ist-Zustand bereitgestellt. Seriador Tech gibt keine Garantien, weder ausdr\u00fccklich noch stillschweigend, und lehnt hiermit alle anderen Garantien ab und lehnt sie ab, einschlie\u00dflich, aber nicht beschr\u00e4nkt auf stillschweigende Garantien oder Bedingungen der Marktg\u00e4ngigkeit, der Eignung f\u00fcr einen bestimmten Zweck oder der Nichtverletzung von geistigem Eigentum oder anderer Rechtsverletzungen.<\/li>\r\n\r\n\r\n\r\n<li>Dar\u00fcber hinaus \u00fcbernimmt O Seriador Tech keine Gew\u00e4hrleistung oder Zusicherung hinsichtlich der Genauigkeit, der wahrscheinlichen Ergebnisse oder der Zuverl\u00e4ssigkeit der Verwendung der Materialien auf seiner Website oder anderweitig im Zusammenhang mit solchen Materialien oder auf mit dieser Website verlinkten Websites.<\/li>\r\n<\/ol>\r\n\r\n\r\n\r\n<h2 class=\"wp-block-heading\"><span class=\"ez-toc-section\" id=\"4_Limitacoes\"><\/span><strong>4. Einschr\u00e4nkungen<\/strong><span class=\"ez-toc-section-end\"><\/span><\/h2>\r\n\r\n\r\n\r\n<p>In keinem Fall haften O Seriador Tech oder seine Lieferanten f\u00fcr Sch\u00e4den (einschlie\u00dflich, aber nicht beschr\u00e4nkt auf Sch\u00e4den aus Daten- oder Gewinnverlusten oder aufgrund von Betriebsunterbrechungen), die sich aus der Nutzung oder Unm\u00f6glichkeit der Nutzung der Materialien auf der Website von O Seriador ergeben . Tech, auch wenn O Seriador Tech oder ein autorisierter Vertreter von O Seriador Tech m\u00fcndlich oder schriftlich \u00fcber die M\u00f6glichkeit eines solchen Schadens informiert wurde. Da in einigen Gerichtsbarkeiten keine Beschr\u00e4nkungen stillschweigender Garantien oder Haftungsbeschr\u00e4nkungen f\u00fcr Folge- oder Nebensch\u00e4den zul\u00e4ssig sind, gelten diese Beschr\u00e4nkungen m\u00f6glicherweise nicht f\u00fcr Sie.<\/p>\r\n\r\n\r\n\r\n<h2 class=\"wp-block-heading\"><span class=\"ez-toc-section\" id=\"5_Precisao_dos_materiais\"><\/span><strong>5. Pr\u00e4zision der Materialien<\/strong><span class=\"ez-toc-section-end\"><\/span><\/h2>\r\n\r\n\r\n\r\n<p>Die auf der Website von O Seriador Tech erscheinenden Materialien k\u00f6nnen technische, typografische oder fotografische Fehler enthalten. Seriador Tech \u00fcbernimmt keine Garantie daf\u00fcr, dass die Materialien auf ihrer Website korrekt, vollst\u00e4ndig oder aktuell sind. Seriador Tech kann jederzeit und ohne Vorank\u00fcndigung \u00c4nderungen an den auf seiner Website enthaltenen Materialien vornehmen. O Seriador Tech verpflichtet sich jedoch nicht, die Materialien zu aktualisieren.<\/p>\r\n\r\n\r\n\r\n<h2 class=\"wp-block-heading\"><span class=\"ez-toc-section\" id=\"6_Links\"><\/span><strong>6. Links<\/strong><span class=\"ez-toc-section-end\"><\/span><\/h2>\r\n\r\n\r\n\r\n<p>OO Seriador Tech hat nicht alle mit seiner Website verlinkten Websites \u00fcberpr\u00fcft und ist nicht f\u00fcr den Inhalt der verlinkten Websites verantwortlich. Die Aufnahme eines Links bedeutet nicht, dass O Seriador Tech die Website bef\u00fcrwortet. Die Nutzung der verlinkten Seiten erfolgt auf eigene Gefahr des Nutzers.<\/p>\r\n\r\n\r\n\r\n<h3 class=\"wp-block-heading\"><strong>\u00c4nderungen<\/strong><\/h3>\r\n\r\n\r\n\r\n<p>OO Seriador Tech kann diese Nutzungsbedingungen f\u00fcr seine Website jederzeit und ohne Vorank\u00fcndigung \u00e4ndern. Durch die Nutzung dieser Website erkl\u00e4ren Sie sich mit der aktuellen Version dieser Nutzungsbedingungen einverstanden.<\/p>\r\n\r\n\r\n\r\n<h3 class=\"wp-block-heading\"><strong>Anwendbares Recht<\/strong><\/h3>\r\n\r\n\r\n\r\n<p>Diese Allgemeinen Gesch\u00e4ftsbedingungen unterliegen den Gesetzen von Ch\u00e1 Beneficio und werden in \u00dcbereinstimmung mit diesen ausgelegt. Sie unterwerfen sich unwiderruflich der ausschlie\u00dflichen Zust\u00e4ndigkeit der Gerichte in diesem Staat oder Standort.<\/p>\r\n\r\n\r\n\r\n<p>Letzte Aktualisierung: 08.10.2023.<\/p>\r\n\r\n\r\n\r\n<p>Benefit-Tee<\/p>","protected":false},"excerpt":{"rendered":"<p>1. Termos Ao acessar ao site Ch\u00e1 Beneficio , concorda em cumprir estes termos de servi\u00e7o, todas as leis e regulamentos aplic\u00e1veis \u200b\u200be concorda que \u00e9 respons\u00e1vel pelo cumprimento de todas as leis locais aplic\u00e1veis. Se voc\u00ea n\u00e3o concordar com algum desses termos, est\u00e1 proibido de usar ou acessar este site. Os materiais contidos neste [&hellip;]<\/p>","protected":false},"author":5,"featured_media":0,"parent":0,"menu_order":0,"comment_status":"closed","ping_status":"closed","template":"","meta":{"_acf_changed":false,"footnotes":""},"class_list":["post-818","page","type-page","status-publish","hentry"],"acf":[],"yoast_head":"<!-- This site is optimized with the Yoast SEO plugin v23.4 - https:\/\/yoast.com\/wordpress\/plugins\/seo\/ -->\n<title>Termos de uso | Ch\u00e1 Benef\u00edcios<\/title>\n<meta name=\"robots\" content=\"index, follow, max-snippet:-1, max-image-preview:large, max-video-preview:-1\" \/>\n<link rel=\"canonical\" href=\"https:\/\/chabeneficio.com\/de\/termos-de-uso\/\" \/>\n<meta property=\"og:locale\" content=\"de_DE\" \/>\n<meta property=\"og:type\" content=\"article\" \/>\n<meta property=\"og:title\" content=\"Termos de uso | Ch\u00e1 Benef\u00edcios\" \/>\n<meta property=\"og:description\" content=\"1. Termos Ao acessar ao site Ch\u00e1 Beneficio , concorda em cumprir estes termos de servi\u00e7o, todas as leis e regulamentos aplic\u00e1veis \u200b\u200be concorda que \u00e9 respons\u00e1vel pelo cumprimento de todas as leis locais aplic\u00e1veis. Se voc\u00ea n\u00e3o concordar com algum desses termos, est\u00e1 proibido de usar ou acessar este site. Os materiais contidos neste [&hellip;]\" \/>\n<meta property=\"og:url\" content=\"https:\/\/chabeneficio.com\/de\/termos-de-uso\/\" \/>\n<meta property=\"og:site_name\" content=\"Ch\u00e1 Benef\u00edcios\" \/>\n<meta property=\"article:modified_time\" content=\"2024-04-04T09:45:22+00:00\" \/>\n<meta name=\"twitter:card\" content=\"summary_large_image\" \/>\n<meta name=\"twitter:label1\" content=\"Gesch\u00e4tzte Lesezeit\" \/>\n\t<meta name=\"twitter:data1\" content=\"4 Minuten\" \/>\n<script type=\"application\/ld+json\" class=\"yoast-schema-graph\">{\"@context\":\"https:\/\/schema.org\",\"@graph\":[{\"@type\":\"WebPage\",\"@id\":\"https:\/\/chabeneficio.com\/termos-de-uso\/\",\"url\":\"https:\/\/chabeneficio.com\/termos-de-uso\/\",\"name\":\"Termos de uso | Ch\u00e1 Benef\u00edcios\",\"isPartOf\":{\"@id\":\"https:\/\/chabeneficio.com\/#website\"},\"datePublished\":\"2024-03-18T03:08:10+00:00\",\"dateModified\":\"2024-04-04T09:45:22+00:00\",\"breadcrumb\":{\"@id\":\"https:\/\/chabeneficio.com\/termos-de-uso\/#breadcrumb\"},\"inLanguage\":\"de-CH\",\"potentialAction\":[{\"@type\":\"ReadAction\",\"target\":[\"https:\/\/chabeneficio.com\/termos-de-uso\/\"]}]},{\"@type\":\"BreadcrumbList\",\"@id\":\"https:\/\/chabeneficio.com\/termos-de-uso\/#breadcrumb\",\"itemListElement\":[{\"@type\":\"ListItem\",\"position\":1,\"name\":\"In\u00edcio\",\"item\":\"https:\/\/chabeneficio.com\/\"},{\"@type\":\"ListItem\",\"position\":2,\"name\":\"Termos de uso\"}]},{\"@type\":\"WebSite\",\"@id\":\"https:\/\/chabeneficio.com\/#website\",\"url\":\"https:\/\/chabeneficio.com\/\",\"name\":\"Ch\u00e1 Benef\u00edcios\",\"description\":\"Benef\u00edcios dos Ch\u00e1s, Receitas e Tratamentos!\",\"publisher\":{\"@id\":\"https:\/\/chabeneficio.com\/#organization\"},\"potentialAction\":[{\"@type\":\"SearchAction\",\"target\":{\"@type\":\"EntryPoint\",\"urlTemplate\":\"https:\/\/chabeneficio.com\/?s={search_term_string}\"},\"query-input\":{\"@type\":\"PropertyValueSpecification\",\"valueRequired\":true,\"valueName\":\"search_term_string\"}}],\"inLanguage\":\"de-CH\"},{\"@type\":\"Organization\",\"@id\":\"https:\/\/chabeneficio.com\/#organization\",\"name\":\"Ch\u00e1 Benef\u00edcios\",\"url\":\"https:\/\/chabeneficio.com\/\",\"logo\":{\"@type\":\"ImageObject\",\"inLanguage\":\"de-CH\",\"@id\":\"https:\/\/chabeneficio.com\/#\/schema\/logo\/image\/\",\"url\":\"https:\/\/chabeneficio.com\/wp-content\/uploads\/2018\/03\/Ch\u00e1-Benef\u00edcos.png\",\"contentUrl\":\"https:\/\/chabeneficio.com\/wp-content\/uploads\/2018\/03\/Ch\u00e1-Benef\u00edcos.png\",\"width\":1281,\"height\":1281,\"caption\":\"Ch\u00e1 Benef\u00edcios\"},\"image\":{\"@id\":\"https:\/\/chabeneficio.com\/#\/schema\/logo\/image\/\"}}]}<\/script>\n<!-- \/ Yoast SEO plugin. -->","yoast_head_json":{"title":"Termos de uso | Ch\u00e1 Benef\u00edcios","robots":{"index":"index","follow":"follow","max-snippet":"max-snippet:-1","max-image-preview":"max-image-preview:large","max-video-preview":"max-video-preview:-1"},"canonical":"https:\/\/chabeneficio.com\/de\/termos-de-uso\/","og_locale":"de_DE","og_type":"article","og_title":"Termos de uso | Ch\u00e1 Benef\u00edcios","og_description":"1. Termos Ao acessar ao site Ch\u00e1 Beneficio , concorda em cumprir estes termos de servi\u00e7o, todas as leis e regulamentos aplic\u00e1veis \u200b\u200be concorda que \u00e9 respons\u00e1vel pelo cumprimento de todas as leis locais aplic\u00e1veis. Se voc\u00ea n\u00e3o concordar com algum desses termos, est\u00e1 proibido de usar ou acessar este site. Os materiais contidos neste [&hellip;]","og_url":"https:\/\/chabeneficio.com\/de\/termos-de-uso\/","og_site_name":"Ch\u00e1 Benef\u00edcios","article_modified_time":"2024-04-04T09:45:22+00:00","twitter_card":"summary_large_image","twitter_misc":{"Gesch\u00e4tzte Lesezeit":"4 Minuten"},"schema":{"@context":"https:\/\/schema.org","@graph":[{"@type":"WebPage","@id":"https:\/\/chabeneficio.com\/termos-de-uso\/","url":"https:\/\/chabeneficio.com\/termos-de-uso\/","name":"Termos de uso | Ch\u00e1 Benef\u00edcios","isPartOf":{"@id":"https:\/\/chabeneficio.com\/#website"},"datePublished":"2024-03-18T03:08:10+00:00","dateModified":"2024-04-04T09:45:22+00:00","breadcrumb":{"@id":"https:\/\/chabeneficio.com\/termos-de-uso\/#breadcrumb"},"inLanguage":"de-CH","potentialAction":[{"@type":"ReadAction","target":["https:\/\/chabeneficio.com\/termos-de-uso\/"]}]},{"@type":"BreadcrumbList","@id":"https:\/\/chabeneficio.com\/termos-de-uso\/#breadcrumb","itemListElement":[{"@type":"ListItem","position":1,"name":"In\u00edcio","item":"https:\/\/chabeneficio.com\/"},{"@type":"ListItem","position":2,"name":"Termos de uso"}]},{"@type":"WebSite","@id":"https:\/\/chabeneficio.com\/#website","url":"https:\/\/chabeneficio.com\/","name":"Ch\u00e1 Benef\u00edcios","description":"Benef\u00edcios dos Ch\u00e1s, Receitas e Tratamentos!","publisher":{"@id":"https:\/\/chabeneficio.com\/#organization"},"potentialAction":[{"@type":"SearchAction","target":{"@type":"EntryPoint","urlTemplate":"https:\/\/chabeneficio.com\/?s={search_term_string}"},"query-input":{"@type":"PropertyValueSpecification","valueRequired":true,"valueName":"search_term_string"}}],"inLanguage":"de-CH"},{"@type":"Organization","@id":"https:\/\/chabeneficio.com\/#organization","name":"Ch\u00e1 Benef\u00edcios","url":"https:\/\/chabeneficio.com\/","logo":{"@type":"ImageObject","inLanguage":"de-CH","@id":"https:\/\/chabeneficio.com\/#\/schema\/logo\/image\/","url":"https:\/\/chabeneficio.com\/wp-content\/uploads\/2018\/03\/Ch\u00e1-Benef\u00edcos.png","contentUrl":"https:\/\/chabeneficio.com\/wp-content\/uploads\/2018\/03\/Ch\u00e1-Benef\u00edcos.png","width":1281,"height":1281,"caption":"Ch\u00e1 Benef\u00edcios"},"image":{"@id":"https:\/\/chabeneficio.com\/#\/schema\/logo\/image\/"}}]}},"jetpack_sharing_enabled":true,"_links":{"self":[{"href":"https:\/\/chabeneficio.com\/de\/wp-json\/wp\/v2\/pages\/818"}],"collection":[{"href":"https:\/\/chabeneficio.com\/de\/wp-json\/wp\/v2\/pages"}],"about":[{"href":"https:\/\/chabeneficio.com\/de\/wp-json\/wp\/v2\/types\/page"}],"author":[{"embeddable":true,"href":"https:\/\/chabeneficio.com\/de\/wp-json\/wp\/v2\/users\/5"}],"replies":[{"embeddable":true,"href":"https:\/\/chabeneficio.com\/de\/wp-json\/wp\/v2\/comments?post=818"}],"version-history":[{"count":3,"href":"https:\/\/chabeneficio.com\/de\/wp-json\/wp\/v2\/pages\/818\/revisions"}],"predecessor-version":[{"id":949,"href":"https:\/\/chabeneficio.com\/de\/wp-json\/wp\/v2\/pages\/818\/revisions\/949"}],"wp:attachment":[{"href":"https:\/\/chabeneficio.com\/de\/wp-json\/wp\/v2\/media?parent=818"}],"curies":[{"name":"wp","href":"https:\/\/api.w.org\/{rel}","templated":true}]}}