{"id":1125,"date":"2025-02-10T13:38:18","date_gmt":"2025-02-10T16:38:18","guid":{"rendered":"https:\/\/chabeneficio.com\/?page_id=1125"},"modified":"2025-02-10T13:38:18","modified_gmt":"2025-02-10T16:38:18","slug":"home","status":"publish","type":"page","link":"https:\/\/chabeneficio.com\/de\/home\/","title":{"rendered":"Home"},"content":{"rendered":"<div class=\"banner banner--content banner--content--full\"><script async src=\"https:\/\/pagead2.googlesyndication.com\/pagead\/js\/adsbygoogle.js?client=ca-pub-8541928713205557\"\n     crossorigin=\"anonymous\"><\/script>\n<!-- ad-top-p -->\n<ins class=\"adsbygoogle\"\n     style=\"display:block\"\n     data-ad-client=\"ca-pub-8541928713205557\"\n     data-ad-slot=\"3264867050\"\n     data-ad-format=\"auto\"\n     data-full-width-responsive=\"true\"><\/ins>\n<script>\n     (adsbygoogle = window.adsbygoogle || []).push({});\n<\/script><\/div>","protected":false},"excerpt":{"rendered":"","protected":false},"author":5,"featured_media":0,"parent":0,"menu_order":0,"comment_status":"closed","ping_status":"closed","template":"","meta":{"_acf_changed":false,"footnotes":""},"class_list":["post-1125","page","type-page","status-publish","hentry"],"acf":[],"yoast_head":"<!-- This site is optimized with the Yoast SEO plugin v23.4 - https:\/\/yoast.com\/wordpress\/plugins\/seo\/ -->\n<title>Home | Ch\u00e1 Benef\u00edcios<\/title>\n<meta name=\"robots\" content=\"index, follow, max-snippet:-1, max-image-preview:large, max-video-preview:-1\" \/>\n<link rel=\"canonical\" href=\"https:\/\/chabeneficio.com\/de\/home\/\" \/>\n<meta property=\"og:locale\" content=\"de_DE\" \/>\n<meta property=\"og:type\" content=\"article\" \/>\n<meta property=\"og:title\" content=\"Home | Ch\u00e1 Benef\u00edcios\" \/>\n<meta property=\"og:url\" content=\"https:\/\/chabeneficio.com\/de\/home\/\" \/>\n<meta property=\"og:site_name\" content=\"Ch\u00e1 Benef\u00edcios\" \/>\n<meta name=\"twitter:card\" content=\"summary_large_image\" \/>\n<script type=\"application\/ld+json\" class=\"yoast-schema-graph\">{\"@context\":\"https:\/\/schema.org\",\"@graph\":[{\"@type\":\"WebPage\",\"@id\":\"https:\/\/chabeneficio.com\/home\/\",\"url\":\"https:\/\/chabeneficio.com\/home\/\",\"name\":\"Home | Ch\u00e1 Benef\u00edcios\",\"isPartOf\":{\"@id\":\"https:\/\/chabeneficio.com\/#website\"},\"datePublished\":\"2025-02-10T16:38:18+00:00\",\"dateModified\":\"2025-02-10T16:38:18+00:00\",\"breadcrumb\":{\"@id\":\"https:\/\/chabeneficio.com\/home\/#breadcrumb\"},\"inLanguage\":\"de-CH\",\"potentialAction\":[{\"@type\":\"ReadAction\",\"target\":[\"https:\/\/chabeneficio.com\/home\/\"]}]},{\"@type\":\"BreadcrumbList\",\"@id\":\"https:\/\/chabeneficio.com\/home\/#breadcrumb\",\"itemListElement\":[{\"@type\":\"ListItem\",\"position\":1,\"name\":\"In\u00edcio\",\"item\":\"https:\/\/chabeneficio.com\/\"},{\"@type\":\"ListItem\",\"position\":2,\"name\":\"Home\"}]},{\"@type\":\"WebSite\",\"@id\":\"https:\/\/chabeneficio.com\/#website\",\"url\":\"https:\/\/chabeneficio.com\/\",\"name\":\"Ch\u00e1 Benef\u00edcios\",\"description\":\"Benef\u00edcios dos Ch\u00e1s, Receitas e Tratamentos!\",\"publisher\":{\"@id\":\"https:\/\/chabeneficio.com\/#organization\"},\"potentialAction\":[{\"@type\":\"SearchAction\",\"target\":{\"@type\":\"EntryPoint\",\"urlTemplate\":\"https:\/\/chabeneficio.com\/?s={search_term_string}\"},\"query-input\":{\"@type\":\"PropertyValueSpecification\",\"valueRequired\":true,\"valueName\":\"search_term_string\"}}],\"inLanguage\":\"de-CH\"},{\"@type\":\"Organization\",\"@id\":\"https:\/\/chabeneficio.com\/#organization\",\"name\":\"Ch\u00e1 Benef\u00edcios\",\"url\":\"https:\/\/chabeneficio.com\/\",\"logo\":{\"@type\":\"ImageObject\",\"inLanguage\":\"de-CH\",\"@id\":\"https:\/\/chabeneficio.com\/#\/schema\/logo\/image\/\",\"url\":\"https:\/\/chabeneficio.com\/wp-content\/uploads\/2018\/03\/Ch\u00e1-Benef\u00edcos.png\",\"contentUrl\":\"https:\/\/chabeneficio.com\/wp-content\/uploads\/2018\/03\/Ch\u00e1-Benef\u00edcos.png\",\"width\":1281,\"height\":1281,\"caption\":\"Ch\u00e1 Benef\u00edcios\"},\"image\":{\"@id\":\"https:\/\/chabeneficio.com\/#\/schema\/logo\/image\/\"}}]}<\/script>\n<!-- \/ Yoast SEO plugin. -->","yoast_head_json":{"title":"Home | Ch\u00e1 Benef\u00edcios","robots":{"index":"index","follow":"follow","max-snippet":"max-snippet:-1","max-image-preview":"max-image-preview:large","max-video-preview":"max-video-preview:-1"},"canonical":"https:\/\/chabeneficio.com\/de\/home\/","og_locale":"de_DE","og_type":"article","og_title":"Home | Ch\u00e1 Benef\u00edcios","og_url":"https:\/\/chabeneficio.com\/de\/home\/","og_site_name":"Ch\u00e1 Benef\u00edcios","twitter_card":"summary_large_image","schema":{"@context":"https:\/\/schema.org","@graph":[{"@type":"WebPage","@id":"https:\/\/chabeneficio.com\/home\/","url":"https:\/\/chabeneficio.com\/home\/","name":"Home | Ch\u00e1 Benef\u00edcios","isPartOf":{"@id":"https:\/\/chabeneficio.com\/#website"},"datePublished":"2025-02-10T16:38:18+00:00","dateModified":"2025-02-10T16:38:18+00:00","breadcrumb":{"@id":"https:\/\/chabeneficio.com\/home\/#breadcrumb"},"inLanguage":"de-CH","potentialAction":[{"@type":"ReadAction","target":["https:\/\/chabeneficio.com\/home\/"]}]},{"@type":"BreadcrumbList","@id":"https:\/\/chabeneficio.com\/home\/#breadcrumb","itemListElement":[{"@type":"ListItem","position":1,"name":"In\u00edcio","item":"https:\/\/chabeneficio.com\/"},{"@type":"ListItem","position":2,"name":"Home"}]},{"@type":"WebSite","@id":"https:\/\/chabeneficio.com\/#website","url":"https:\/\/chabeneficio.com\/","name":"Ch\u00e1 Benef\u00edcios","description":"Benef\u00edcios dos Ch\u00e1s, Receitas e Tratamentos!","publisher":{"@id":"https:\/\/chabeneficio.com\/#organization"},"potentialAction":[{"@type":"SearchAction","target":{"@type":"EntryPoint","urlTemplate":"https:\/\/chabeneficio.com\/?s={search_term_string}"},"query-input":{"@type":"PropertyValueSpecification","valueRequired":true,"valueName":"search_term_string"}}],"inLanguage":"de-CH"},{"@type":"Organization","@id":"https:\/\/chabeneficio.com\/#organization","name":"Ch\u00e1 Benef\u00edcios","url":"https:\/\/chabeneficio.com\/","logo":{"@type":"ImageObject","inLanguage":"de-CH","@id":"https:\/\/chabeneficio.com\/#\/schema\/logo\/image\/","url":"https:\/\/chabeneficio.com\/wp-content\/uploads\/2018\/03\/Ch\u00e1-Benef\u00edcos.png","contentUrl":"https:\/\/chabeneficio.com\/wp-content\/uploads\/2018\/03\/Ch\u00e1-Benef\u00edcos.png","width":1281,"height":1281,"caption":"Ch\u00e1 Benef\u00edcios"},"image":{"@id":"https:\/\/chabeneficio.com\/#\/schema\/logo\/image\/"}}]}},"jetpack_sharing_enabled":true,"_links":{"self":[{"href":"https:\/\/chabeneficio.com\/de\/wp-json\/wp\/v2\/pages\/1125"}],"collection":[{"href":"https:\/\/chabeneficio.com\/de\/wp-json\/wp\/v2\/pages"}],"about":[{"href":"https:\/\/chabeneficio.com\/de\/wp-json\/wp\/v2\/types\/page"}],"author":[{"embeddable":true,"href":"https:\/\/chabeneficio.com\/de\/wp-json\/wp\/v2\/users\/5"}],"replies":[{"embeddable":true,"href":"https:\/\/chabeneficio.com\/de\/wp-json\/wp\/v2\/comments?post=1125"}],"version-history":[{"count":1,"href":"https:\/\/chabeneficio.com\/de\/wp-json\/wp\/v2\/pages\/1125\/revisions"}],"predecessor-version":[{"id":1126,"href":"https:\/\/chabeneficio.com\/de\/wp-json\/wp\/v2\/pages\/1125\/revisions\/1126"}],"wp:attachment":[{"href":"https:\/\/chabeneficio.com\/de\/wp-json\/wp\/v2\/media?parent=1125"}],"curies":[{"name":"wp","href":"https:\/\/api.w.org\/{rel}","templated":true}]}}